{"id":4671,"date":"2026-05-06T00:36:56","date_gmt":"2026-05-06T00:36:56","guid":{"rendered":"http:\/\/toquemonos.com\/index.php\/product\/special-anal-stimulation-plug-anales\/"},"modified":"2026-05-06T00:36:56","modified_gmt":"2026-05-06T00:36:56","slug":"special-anal-stimulation-plug-anales","status":"publish","type":"product","link":"https:\/\/toquemonos.com\/index.php\/product\/special-anal-stimulation-plug-anales\/","title":{"rendered":"SPECIAL ANAL STIMULATION &#8211; Plug anales"},"content":{"rendered":"<p><strong>Precio sugerido: S\/ 100<\/strong><\/p>\n<p>SPECIAL ANAL STIMULATION<\/p>\n<ul>\n<li><strong>Funcionamiento:<\/strong> Plug anal con dise\u00f1o c\u00f3nico que se ensancha hacia la base para una inserci\u00f3n c\u00f3moda y segura, con base anat\u00f3mica que evita deslizamientos.<\/li>\n<li><strong>Funciones:<\/strong> 12 funciones de vibraci\u00f3n, ideal para principiantes o para quienes prefieren tama\u00f1os peque\u00f1os, estimulaci\u00f3n progresiva y estable.<\/li>\n<li><strong>Material:<\/strong> Silicona suave, no porosa y f\u00e1cil de limpiar<\/li>\n<li><strong>Alimentaci\u00f3n:<\/strong> 2 bater\u00edas AAA<\/li>\n<li><strong>Resistente al agua:<\/strong> S\u00ed (Waterproof)<\/li>\n<\/ul>\n","protected":false},"excerpt":{"rendered":"<p>Precio sugerido: S\/ 100 SPECIAL ANAL STIMULATION Funcionamiento: Plug anal con dise\u00f1o c\u00f3nico que se ensancha hacia la base para una inserci\u00f3n c\u00f3moda y segura, con base anat\u00f3mica que evita deslizamientos. Funciones: 12 funciones de vibraci\u00f3n, ideal para principiantes o para quienes prefieren tama\u00f1os peque\u00f1os, estimulaci\u00f3n progresiva y estable. Material: Silicona suave, no porosa y [&hellip;]<\/p>\n","protected":false},"featured_media":5223,"comment_status":"open","ping_status":"closed","template":"","meta":[],"product_brand":[],"product_cat":[228,195],"product_tag":[],"class_list":{"0":"post-4671","1":"product","2":"type-product","3":"status-publish","4":"has-post-thumbnail","6":"product_cat-anales","7":"product_cat-plug-anales","9":"first","10":"instock","11":"shipping-taxable","12":"purchasable","13":"product-type-simple"},"_links":{"self":[{"href":"https:\/\/toquemonos.com\/index.php\/wp-json\/wp\/v2\/product\/4671","targetHints":{"allow":["GET"]}}],"collection":[{"href":"https:\/\/toquemonos.com\/index.php\/wp-json\/wp\/v2\/product"}],"about":[{"href":"https:\/\/toquemonos.com\/index.php\/wp-json\/wp\/v2\/types\/product"}],"replies":[{"embeddable":true,"href":"https:\/\/toquemonos.com\/index.php\/wp-json\/wp\/v2\/comments?post=4671"}],"wp:featuredmedia":[{"embeddable":true,"href":"https:\/\/toquemonos.com\/index.php\/wp-json\/wp\/v2\/media\/5223"}],"wp:attachment":[{"href":"https:\/\/toquemonos.com\/index.php\/wp-json\/wp\/v2\/media?parent=4671"}],"wp:term":[{"taxonomy":"product_brand","embeddable":true,"href":"https:\/\/toquemonos.com\/index.php\/wp-json\/wp\/v2\/product_brand?post=4671"},{"taxonomy":"product_cat","embeddable":true,"href":"https:\/\/toquemonos.com\/index.php\/wp-json\/wp\/v2\/product_cat?post=4671"},{"taxonomy":"product_tag","embeddable":true,"href":"https:\/\/toquemonos.com\/index.php\/wp-json\/wp\/v2\/product_tag?post=4671"}],"curies":[{"name":"wp","href":"https:\/\/api.w.org\/{rel}","templated":true}]}}