{"id":4668,"date":"2026-05-06T00:36:55","date_gmt":"2026-05-06T00:36:55","guid":{"rendered":"http:\/\/toquemonos.com\/index.php\/product\/backie-estimulador-de-prostata\/"},"modified":"2026-05-06T00:36:55","modified_gmt":"2026-05-06T00:36:55","slug":"backie-estimulador-de-prostata","status":"publish","type":"product","link":"https:\/\/toquemonos.com\/index.php\/product\/backie-estimulador-de-prostata\/","title":{"rendered":"BACKIE &#8211; Estimulador de pr\u00f3stata"},"content":{"rendered":"<p><strong>Precio sugerido: S\/ 150<\/strong><\/p>\n<p>BACKIE<\/p>\n<ul>\n<li><strong>Funcionamiento:<\/strong> Masajeador prost\u00e1tico con doble eje curvo que estimula simult\u00e1neamente el punto P interno y el perineo mediante vibraciones.<\/li>\n<li><strong>Funciones:<\/strong> 30 funciones de vibraci\u00f3n, estimulaci\u00f3n dual (pr\u00f3stata y perineo), dise\u00f1o ergon\u00f3mico manos libres que se mantiene en su lugar durante el uso.<\/li>\n<li><strong>Material:<\/strong> Silicona flexible de alta calidad con acabado aterciopelado<\/li>\n<li><strong>Alimentaci\u00f3n:<\/strong> Recargable por USB<\/li>\n<li><strong>Resistente al agua:<\/strong> S\u00ed (Waterproof)<\/li>\n<\/ul>\n","protected":false},"excerpt":{"rendered":"<p>Precio sugerido: S\/ 150 BACKIE Funcionamiento: Masajeador prost\u00e1tico con doble eje curvo que estimula simult\u00e1neamente el punto P interno y el perineo mediante vibraciones. Funciones: 30 funciones de vibraci\u00f3n, estimulaci\u00f3n dual (pr\u00f3stata y perineo), dise\u00f1o ergon\u00f3mico manos libres que se mantiene en su lugar durante el uso. Material: Silicona flexible de alta calidad con acabado [&hellip;]<\/p>\n","protected":false},"featured_media":5230,"comment_status":"open","ping_status":"closed","template":"","meta":[],"product_brand":[],"product_cat":[220],"product_tag":[],"class_list":{"0":"post-4668","1":"product","2":"type-product","3":"status-publish","4":"has-post-thumbnail","6":"product_cat-estimulador-de-prostata","8":"first","9":"instock","10":"shipping-taxable","11":"purchasable","12":"product-type-simple"},"_links":{"self":[{"href":"https:\/\/toquemonos.com\/index.php\/wp-json\/wp\/v2\/product\/4668","targetHints":{"allow":["GET"]}}],"collection":[{"href":"https:\/\/toquemonos.com\/index.php\/wp-json\/wp\/v2\/product"}],"about":[{"href":"https:\/\/toquemonos.com\/index.php\/wp-json\/wp\/v2\/types\/product"}],"replies":[{"embeddable":true,"href":"https:\/\/toquemonos.com\/index.php\/wp-json\/wp\/v2\/comments?post=4668"}],"wp:featuredmedia":[{"embeddable":true,"href":"https:\/\/toquemonos.com\/index.php\/wp-json\/wp\/v2\/media\/5230"}],"wp:attachment":[{"href":"https:\/\/toquemonos.com\/index.php\/wp-json\/wp\/v2\/media?parent=4668"}],"wp:term":[{"taxonomy":"product_brand","embeddable":true,"href":"https:\/\/toquemonos.com\/index.php\/wp-json\/wp\/v2\/product_brand?post=4668"},{"taxonomy":"product_cat","embeddable":true,"href":"https:\/\/toquemonos.com\/index.php\/wp-json\/wp\/v2\/product_cat?post=4668"},{"taxonomy":"product_tag","embeddable":true,"href":"https:\/\/toquemonos.com\/index.php\/wp-json\/wp\/v2\/product_tag?post=4668"}],"curies":[{"name":"wp","href":"https:\/\/api.w.org\/{rel}","templated":true}]}}