{"id":4666,"date":"2026-05-06T00:36:55","date_gmt":"2026-05-06T00:36:55","guid":{"rendered":"http:\/\/toquemonos.com\/index.php\/product\/double-donnes-dildos-lesbicos\/"},"modified":"2026-05-06T00:36:55","modified_gmt":"2026-05-06T00:36:55","slug":"double-donnes-dildos-lesbicos","status":"publish","type":"product","link":"https:\/\/toquemonos.com\/index.php\/product\/double-donnes-dildos-lesbicos\/","title":{"rendered":"Double Donnes &#8211; Dildos l\u00e9sbicos"},"content":{"rendered":"<p><strong>Precio sugerido: S\/ 95<\/strong><\/p>\n<p>Double Donnes<\/p>\n<ul>\n<li><strong>Funcionamiento:<\/strong> Dildo de doble extremo dise\u00f1ado para uso individual o compartido, permite estimulaci\u00f3n simult\u00e1nea gracias a su dise\u00f1o largo y flexible.<\/li>\n<li><strong>Funciones:<\/strong> Estimulaci\u00f3n doble, uso vaginal o anal, dise\u00f1o realista con textura venosa, flexible para adaptarse al cuerpo, apto para uso en ducha o ba\u00f1era.<\/li>\n<li><strong>Material:<\/strong> TPR flexible y seguro para el cuerpo<\/li>\n<li><strong>Resistente al agua:<\/strong> S\u00ed (Waterproof)<\/li>\n<\/ul>\n","protected":false},"excerpt":{"rendered":"<p>Precio sugerido: S\/ 95 Double Donnes Funcionamiento: Dildo de doble extremo dise\u00f1ado para uso individual o compartido, permite estimulaci\u00f3n simult\u00e1nea gracias a su dise\u00f1o largo y flexible. Funciones: Estimulaci\u00f3n doble, uso vaginal o anal, dise\u00f1o realista con textura venosa, flexible para adaptarse al cuerpo, apto para uso en ducha o ba\u00f1era. Material: TPR flexible y [&hellip;]<\/p>\n","protected":false},"featured_media":5228,"comment_status":"open","ping_status":"closed","template":"","meta":[],"product_brand":[],"product_cat":[229,219],"product_tag":[],"class_list":{"0":"post-4666","1":"product","2":"type-product","3":"status-publish","4":"has-post-thumbnail","6":"product_cat-dildos","7":"product_cat-dildos-lesbicos","9":"first","10":"instock","11":"shipping-taxable","12":"purchasable","13":"product-type-simple"},"_links":{"self":[{"href":"https:\/\/toquemonos.com\/index.php\/wp-json\/wp\/v2\/product\/4666","targetHints":{"allow":["GET"]}}],"collection":[{"href":"https:\/\/toquemonos.com\/index.php\/wp-json\/wp\/v2\/product"}],"about":[{"href":"https:\/\/toquemonos.com\/index.php\/wp-json\/wp\/v2\/types\/product"}],"replies":[{"embeddable":true,"href":"https:\/\/toquemonos.com\/index.php\/wp-json\/wp\/v2\/comments?post=4666"}],"wp:featuredmedia":[{"embeddable":true,"href":"https:\/\/toquemonos.com\/index.php\/wp-json\/wp\/v2\/media\/5228"}],"wp:attachment":[{"href":"https:\/\/toquemonos.com\/index.php\/wp-json\/wp\/v2\/media?parent=4666"}],"wp:term":[{"taxonomy":"product_brand","embeddable":true,"href":"https:\/\/toquemonos.com\/index.php\/wp-json\/wp\/v2\/product_brand?post=4666"},{"taxonomy":"product_cat","embeddable":true,"href":"https:\/\/toquemonos.com\/index.php\/wp-json\/wp\/v2\/product_cat?post=4666"},{"taxonomy":"product_tag","embeddable":true,"href":"https:\/\/toquemonos.com\/index.php\/wp-json\/wp\/v2\/product_tag?post=4666"}],"curies":[{"name":"wp","href":"https:\/\/api.w.org\/{rel}","templated":true}]}}