{"id":4665,"date":"2026-05-06T00:36:55","date_gmt":"2026-05-06T00:36:55","guid":{"rendered":"http:\/\/toquemonos.com\/index.php\/product\/double-dolphin-dong-dildos-lesbicos\/"},"modified":"2026-05-06T00:36:55","modified_gmt":"2026-05-06T00:36:55","slug":"double-dolphin-dong-dildos-lesbicos","status":"publish","type":"product","link":"https:\/\/toquemonos.com\/index.php\/product\/double-dolphin-dong-dildos-lesbicos\/","title":{"rendered":"DOUBLE DOLPHIN DONG &#8211; Dildos l\u00e9sbicos"},"content":{"rendered":"<p><strong>Precio sugerido: S\/ 80<\/strong><\/p>\n<p>DOUBLE DOLPHIN DONG<\/p>\n<ul>\n<li><strong>Funcionamiento:<\/strong> Dildo de doble extremo con forma en \u201cU\u201d, dise\u00f1ado para colocarse y mantenerse estable durante su uso.<\/li>\n<li><strong>Funciones:<\/strong> Estimulaci\u00f3n doble simult\u00e1nea, extremos c\u00f3nicos de diferente grosor para mayor comodidad, dise\u00f1o flexible que se adapta al cuerpo, punta con forma estilizada para mayor sensibilidad.<\/li>\n<li><strong>Material:<\/strong> TPR<\/li>\n<li><strong>Resistente al agua:<\/strong> S\u00ed (Waterproof)<\/li>\n<\/ul>\n","protected":false},"excerpt":{"rendered":"<p>Precio sugerido: S\/ 80 DOUBLE DOLPHIN DONG Funcionamiento: Dildo de doble extremo con forma en \u201cU\u201d, dise\u00f1ado para colocarse y mantenerse estable durante su uso. Funciones: Estimulaci\u00f3n doble simult\u00e1nea, extremos c\u00f3nicos de diferente grosor para mayor comodidad, dise\u00f1o flexible que se adapta al cuerpo, punta con forma estilizada para mayor sensibilidad. Material: TPR Resistente al [&hellip;]<\/p>\n","protected":false},"featured_media":5227,"comment_status":"open","ping_status":"closed","template":"","meta":[],"product_brand":[],"product_cat":[229,219],"product_tag":[],"class_list":{"0":"post-4665","1":"product","2":"type-product","3":"status-publish","4":"has-post-thumbnail","6":"product_cat-dildos","7":"product_cat-dildos-lesbicos","9":"first","10":"instock","11":"shipping-taxable","12":"purchasable","13":"product-type-simple"},"_links":{"self":[{"href":"https:\/\/toquemonos.com\/index.php\/wp-json\/wp\/v2\/product\/4665","targetHints":{"allow":["GET"]}}],"collection":[{"href":"https:\/\/toquemonos.com\/index.php\/wp-json\/wp\/v2\/product"}],"about":[{"href":"https:\/\/toquemonos.com\/index.php\/wp-json\/wp\/v2\/types\/product"}],"replies":[{"embeddable":true,"href":"https:\/\/toquemonos.com\/index.php\/wp-json\/wp\/v2\/comments?post=4665"}],"wp:featuredmedia":[{"embeddable":true,"href":"https:\/\/toquemonos.com\/index.php\/wp-json\/wp\/v2\/media\/5227"}],"wp:attachment":[{"href":"https:\/\/toquemonos.com\/index.php\/wp-json\/wp\/v2\/media?parent=4665"}],"wp:term":[{"taxonomy":"product_brand","embeddable":true,"href":"https:\/\/toquemonos.com\/index.php\/wp-json\/wp\/v2\/product_brand?post=4665"},{"taxonomy":"product_cat","embeddable":true,"href":"https:\/\/toquemonos.com\/index.php\/wp-json\/wp\/v2\/product_cat?post=4665"},{"taxonomy":"product_tag","embeddable":true,"href":"https:\/\/toquemonos.com\/index.php\/wp-json\/wp\/v2\/product_tag?post=4665"}],"curies":[{"name":"wp","href":"https:\/\/api.w.org\/{rel}","templated":true}]}}