{"id":4622,"date":"2026-05-06T00:36:49","date_gmt":"2026-05-06T00:36:49","guid":{"rendered":"http:\/\/toquemonos.com\/index.php\/product\/baird-pink-vibrador-huevo\/"},"modified":"2026-05-06T00:36:49","modified_gmt":"2026-05-06T00:36:49","slug":"baird-pink-vibrador-huevo","status":"publish","type":"product","link":"https:\/\/toquemonos.com\/index.php\/product\/baird-pink-vibrador-huevo\/","title":{"rendered":"BAIRD PINK &#8211; Vibrador huevo"},"content":{"rendered":"<p><strong>Precio Sugerido: S\/ 310.00<\/strong><\/p>\n<p>Vibrador curvo para punto G con control por app, dise\u00f1ado para placer discreto y c\u00f3modo con control a larga distancia y m\u00faltiples modos.<\/p>\n<ul>\n<li>Material: Silicona<\/li>\n<li>Largo: 10.8 cm<\/li>\n<li>Ancho: 3.2 cm<\/li>\n<li>Color: Rosa Pastel<\/li>\n<li>Funciones: 12 funciones de vibraci\u00f3n, control mediante app m\u00f3vil y control a larga distancia<\/li>\n<\/ul>\n","protected":false},"excerpt":{"rendered":"<p>Precio Sugerido: S\/ 310.00 Vibrador curvo para punto G con control por app, dise\u00f1ado para placer discreto y c\u00f3modo con control a larga distancia y m\u00faltiples modos. Material: Silicona Largo: 10.8 cm Ancho: 3.2 cm Color: Rosa Pastel Funciones: 12 funciones de vibraci\u00f3n, control mediante app m\u00f3vil y control a larga distancia<\/p>\n","protected":false},"featured_media":5271,"comment_status":"open","ping_status":"closed","template":"","meta":[],"product_brand":[],"product_cat":[191,186],"product_tag":[],"class_list":{"0":"post-4622","1":"product","2":"type-product","3":"status-publish","4":"has-post-thumbnail","6":"product_cat-vibrador-huevo","7":"product_cat-vibradores","9":"first","10":"instock","11":"shipping-taxable","12":"purchasable","13":"product-type-simple"},"_links":{"self":[{"href":"https:\/\/toquemonos.com\/index.php\/wp-json\/wp\/v2\/product\/4622","targetHints":{"allow":["GET"]}}],"collection":[{"href":"https:\/\/toquemonos.com\/index.php\/wp-json\/wp\/v2\/product"}],"about":[{"href":"https:\/\/toquemonos.com\/index.php\/wp-json\/wp\/v2\/types\/product"}],"replies":[{"embeddable":true,"href":"https:\/\/toquemonos.com\/index.php\/wp-json\/wp\/v2\/comments?post=4622"}],"wp:featuredmedia":[{"embeddable":true,"href":"https:\/\/toquemonos.com\/index.php\/wp-json\/wp\/v2\/media\/5271"}],"wp:attachment":[{"href":"https:\/\/toquemonos.com\/index.php\/wp-json\/wp\/v2\/media?parent=4622"}],"wp:term":[{"taxonomy":"product_brand","embeddable":true,"href":"https:\/\/toquemonos.com\/index.php\/wp-json\/wp\/v2\/product_brand?post=4622"},{"taxonomy":"product_cat","embeddable":true,"href":"https:\/\/toquemonos.com\/index.php\/wp-json\/wp\/v2\/product_cat?post=4622"},{"taxonomy":"product_tag","embeddable":true,"href":"https:\/\/toquemonos.com\/index.php\/wp-json\/wp\/v2\/product_tag?post=4622"}],"curies":[{"name":"wp","href":"https:\/\/api.w.org\/{rel}","templated":true}]}}