{"id":4620,"date":"2026-05-06T00:36:48","date_gmt":"2026-05-06T00:36:48","guid":{"rendered":"http:\/\/toquemonos.com\/index.php\/product\/banana-knight-green-vibrador-clasico\/"},"modified":"2026-05-06T00:36:48","modified_gmt":"2026-05-06T00:36:48","slug":"banana-knight-green-vibrador-clasico","status":"publish","type":"product","link":"https:\/\/toquemonos.com\/index.php\/product\/banana-knight-green-vibrador-clasico\/","title":{"rendered":"Banana Knight Green &#8211; Vibrador cl\u00e1sico"},"content":{"rendered":"<p><strong>Precio Sugerido: S\/ 200.00<\/strong><\/p>\n<p>Vibrador de silicona con dise\u00f1o curvo y compacto, ideal para estimulaci\u00f3n intensa del punto G y el cl\u00edtoris con vibraciones potentes y agradables.<\/p>\n<ul>\n<li>Material: Silicona<\/li>\n<li>Largo: 19.5 cm<\/li>\n<li>Ancho: 3.1 cm<\/li>\n<li>Color: Verde y Blanco<\/li>\n<li>Funciones: 7 funciones de vibraci\u00f3n<\/li>\n<\/ul>\n","protected":false},"excerpt":{"rendered":"<p>Precio Sugerido: S\/ 200.00 Vibrador de silicona con dise\u00f1o curvo y compacto, ideal para estimulaci\u00f3n intensa del punto G y el cl\u00edtoris con vibraciones potentes y agradables. Material: Silicona Largo: 19.5 cm Ancho: 3.1 cm Color: Verde y Blanco Funciones: 7 funciones de vibraci\u00f3n<\/p>\n","protected":false},"featured_media":5281,"comment_status":"open","ping_status":"closed","template":"","meta":[],"product_brand":[],"product_cat":[211,186],"product_tag":[],"class_list":{"0":"post-4620","1":"product","2":"type-product","3":"status-publish","4":"has-post-thumbnail","6":"product_cat-vibrador-clasico","7":"product_cat-vibradores","9":"first","10":"instock","11":"shipping-taxable","12":"purchasable","13":"product-type-simple"},"_links":{"self":[{"href":"https:\/\/toquemonos.com\/index.php\/wp-json\/wp\/v2\/product\/4620","targetHints":{"allow":["GET"]}}],"collection":[{"href":"https:\/\/toquemonos.com\/index.php\/wp-json\/wp\/v2\/product"}],"about":[{"href":"https:\/\/toquemonos.com\/index.php\/wp-json\/wp\/v2\/types\/product"}],"replies":[{"embeddable":true,"href":"https:\/\/toquemonos.com\/index.php\/wp-json\/wp\/v2\/comments?post=4620"}],"wp:featuredmedia":[{"embeddable":true,"href":"https:\/\/toquemonos.com\/index.php\/wp-json\/wp\/v2\/media\/5281"}],"wp:attachment":[{"href":"https:\/\/toquemonos.com\/index.php\/wp-json\/wp\/v2\/media?parent=4620"}],"wp:term":[{"taxonomy":"product_brand","embeddable":true,"href":"https:\/\/toquemonos.com\/index.php\/wp-json\/wp\/v2\/product_brand?post=4620"},{"taxonomy":"product_cat","embeddable":true,"href":"https:\/\/toquemonos.com\/index.php\/wp-json\/wp\/v2\/product_cat?post=4620"},{"taxonomy":"product_tag","embeddable":true,"href":"https:\/\/toquemonos.com\/index.php\/wp-json\/wp\/v2\/product_tag?post=4620"}],"curies":[{"name":"wp","href":"https:\/\/api.w.org\/{rel}","templated":true}]}}