{"id":4618,"date":"2026-05-06T00:36:48","date_gmt":"2026-05-06T00:36:48","guid":{"rendered":"http:\/\/toquemonos.com\/index.php\/product\/bloody-mary-vibrador-rabbit\/"},"modified":"2026-05-06T00:36:48","modified_gmt":"2026-05-06T00:36:48","slug":"bloody-mary-vibrador-rabbit","status":"publish","type":"product","link":"https:\/\/toquemonos.com\/index.php\/product\/bloody-mary-vibrador-rabbit\/","title":{"rendered":"Bloody Mary &#8211; Vibrador rabbit"},"content":{"rendered":"<p><strong>Precio Sugerido: S\/ 150.00<\/strong><\/p>\n<p>Vibrador de TPR color piel con doble motor, dise\u00f1ado para estimulaci\u00f3n simult\u00e1nea vaginal y clitoriana con alta flexibilidad y potencia.<\/p>\n<ul>\n<li>Material: TPR<\/li>\n<li>Largo: 19.2 cm<\/li>\n<li>Ancho: 3.3 cm<\/li>\n<li>Color: Piel<\/li>\n<li>Funciones: 30 funciones de vibraci\u00f3n<\/li>\n<\/ul>\n","protected":false},"excerpt":{"rendered":"<p>Precio Sugerido: S\/ 150.00 Vibrador de TPR color piel con doble motor, dise\u00f1ado para estimulaci\u00f3n simult\u00e1nea vaginal y clitoriana con alta flexibilidad y potencia. Material: TPR Largo: 19.2 cm Ancho: 3.3 cm Color: Piel Funciones: 30 funciones de vibraci\u00f3n<\/p>\n","protected":false},"featured_media":5279,"comment_status":"open","ping_status":"closed","template":"","meta":[],"product_brand":[],"product_cat":[210,186],"product_tag":[],"class_list":{"0":"post-4618","1":"product","2":"type-product","3":"status-publish","4":"has-post-thumbnail","6":"product_cat-vibrador-rabbit","7":"product_cat-vibradores","9":"first","10":"instock","11":"shipping-taxable","12":"purchasable","13":"product-type-simple"},"_links":{"self":[{"href":"https:\/\/toquemonos.com\/index.php\/wp-json\/wp\/v2\/product\/4618","targetHints":{"allow":["GET"]}}],"collection":[{"href":"https:\/\/toquemonos.com\/index.php\/wp-json\/wp\/v2\/product"}],"about":[{"href":"https:\/\/toquemonos.com\/index.php\/wp-json\/wp\/v2\/types\/product"}],"replies":[{"embeddable":true,"href":"https:\/\/toquemonos.com\/index.php\/wp-json\/wp\/v2\/comments?post=4618"}],"wp:featuredmedia":[{"embeddable":true,"href":"https:\/\/toquemonos.com\/index.php\/wp-json\/wp\/v2\/media\/5279"}],"wp:attachment":[{"href":"https:\/\/toquemonos.com\/index.php\/wp-json\/wp\/v2\/media?parent=4618"}],"wp:term":[{"taxonomy":"product_brand","embeddable":true,"href":"https:\/\/toquemonos.com\/index.php\/wp-json\/wp\/v2\/product_brand?post=4618"},{"taxonomy":"product_cat","embeddable":true,"href":"https:\/\/toquemonos.com\/index.php\/wp-json\/wp\/v2\/product_cat?post=4618"},{"taxonomy":"product_tag","embeddable":true,"href":"https:\/\/toquemonos.com\/index.php\/wp-json\/wp\/v2\/product_tag?post=4618"}],"curies":[{"name":"wp","href":"https:\/\/api.w.org\/{rel}","templated":true}]}}