{"id":4610,"date":"2026-05-06T00:36:47","date_gmt":"2026-05-06T00:36:47","guid":{"rendered":"http:\/\/toquemonos.com\/index.php\/product\/butterfly-kiss-vibrador-rabbit\/"},"modified":"2026-05-06T00:36:47","modified_gmt":"2026-05-06T00:36:47","slug":"butterfly-kiss-vibrador-rabbit","status":"publish","type":"product","link":"https:\/\/toquemonos.com\/index.php\/product\/butterfly-kiss-vibrador-rabbit\/","title":{"rendered":"BUTTERFLY KISS &#8211; Vibrador rabbit"},"content":{"rendered":"<p><strong>Precio Sugerido: S\/ 140.00<\/strong><\/p>\n<p>Vibrador tipo mariposa con doble motor, dise\u00f1ado para estimulaci\u00f3n intensa del punto G y el cl\u00edtoris mediante vibraciones potentes y envolventes.<\/p>\n<ul>\n<li>Material: Silicona<\/li>\n<li>Largo: 19.9 cm<\/li>\n<li>Ancho: 3.1 cm<\/li>\n<li>Color: Morado<\/li>\n<li>Funciones: 30 funciones de vibraci\u00f3n<\/li>\n<\/ul>\n","protected":false},"excerpt":{"rendered":"<p>Precio Sugerido: S\/ 140.00 Vibrador tipo mariposa con doble motor, dise\u00f1ado para estimulaci\u00f3n intensa del punto G y el cl\u00edtoris mediante vibraciones potentes y envolventes. Material: Silicona Largo: 19.9 cm Ancho: 3.1 cm Color: Morado Funciones: 30 funciones de vibraci\u00f3n<\/p>\n","protected":false},"featured_media":5289,"comment_status":"open","ping_status":"closed","template":"","meta":[],"product_brand":[],"product_cat":[210,186],"product_tag":[],"class_list":{"0":"post-4610","1":"product","2":"type-product","3":"status-publish","4":"has-post-thumbnail","6":"product_cat-vibrador-rabbit","7":"product_cat-vibradores","9":"first","10":"instock","11":"shipping-taxable","12":"purchasable","13":"product-type-simple"},"_links":{"self":[{"href":"https:\/\/toquemonos.com\/index.php\/wp-json\/wp\/v2\/product\/4610","targetHints":{"allow":["GET"]}}],"collection":[{"href":"https:\/\/toquemonos.com\/index.php\/wp-json\/wp\/v2\/product"}],"about":[{"href":"https:\/\/toquemonos.com\/index.php\/wp-json\/wp\/v2\/types\/product"}],"replies":[{"embeddable":true,"href":"https:\/\/toquemonos.com\/index.php\/wp-json\/wp\/v2\/comments?post=4610"}],"wp:featuredmedia":[{"embeddable":true,"href":"https:\/\/toquemonos.com\/index.php\/wp-json\/wp\/v2\/media\/5289"}],"wp:attachment":[{"href":"https:\/\/toquemonos.com\/index.php\/wp-json\/wp\/v2\/media?parent=4610"}],"wp:term":[{"taxonomy":"product_brand","embeddable":true,"href":"https:\/\/toquemonos.com\/index.php\/wp-json\/wp\/v2\/product_brand?post=4610"},{"taxonomy":"product_cat","embeddable":true,"href":"https:\/\/toquemonos.com\/index.php\/wp-json\/wp\/v2\/product_cat?post=4610"},{"taxonomy":"product_tag","embeddable":true,"href":"https:\/\/toquemonos.com\/index.php\/wp-json\/wp\/v2\/product_tag?post=4610"}],"curies":[{"name":"wp","href":"https:\/\/api.w.org\/{rel}","templated":true}]}}