{"id":4608,"date":"2026-05-06T00:36:47","date_gmt":"2026-05-06T00:36:47","guid":{"rendered":"http:\/\/toquemonos.com\/index.php\/product\/willow-base-vibrador-rabbit\/"},"modified":"2026-05-06T00:36:47","modified_gmt":"2026-05-06T00:36:47","slug":"willow-base-vibrador-rabbit","status":"publish","type":"product","link":"https:\/\/toquemonos.com\/index.php\/product\/willow-base-vibrador-rabbit\/","title":{"rendered":"WILLOW Base &#8211; Vibrador rabbit"},"content":{"rendered":"<p><strong>Precio Sugerido: S\/ 250.00<\/strong><\/p>\n<p>Vibrador rabbit con estimulaci\u00f3n combinada, dise\u00f1ado para placer intenso mediante masaje del punto G y estimulaci\u00f3n externa con movimiento de tapping.<\/p>\n<ul>\n<li>Material: Silicona<\/li>\n<li>Largo: 20.4 cm<\/li>\n<li>Ancho: 3.5 cm<\/li>\n<li>Color: Rosado<\/li>\n<li>Funciones: 7 funciones de vibraci\u00f3n y 4 funciones de tapping<\/li>\n<\/ul>\n","protected":false},"excerpt":{"rendered":"<p>Precio Sugerido: S\/ 250.00 Vibrador rabbit con estimulaci\u00f3n combinada, dise\u00f1ado para placer intenso mediante masaje del punto G y estimulaci\u00f3n externa con movimiento de tapping. Material: Silicona Largo: 20.4 cm Ancho: 3.5 cm Color: Rosado Funciones: 7 funciones de vibraci\u00f3n y 4 funciones de tapping<\/p>\n","protected":false},"featured_media":5287,"comment_status":"open","ping_status":"closed","template":"","meta":[],"product_brand":[],"product_cat":[210,186],"product_tag":[],"class_list":{"0":"post-4608","1":"product","2":"type-product","3":"status-publish","4":"has-post-thumbnail","6":"product_cat-vibrador-rabbit","7":"product_cat-vibradores","9":"first","10":"instock","11":"shipping-taxable","12":"purchasable","13":"product-type-simple"},"_links":{"self":[{"href":"https:\/\/toquemonos.com\/index.php\/wp-json\/wp\/v2\/product\/4608","targetHints":{"allow":["GET"]}}],"collection":[{"href":"https:\/\/toquemonos.com\/index.php\/wp-json\/wp\/v2\/product"}],"about":[{"href":"https:\/\/toquemonos.com\/index.php\/wp-json\/wp\/v2\/types\/product"}],"replies":[{"embeddable":true,"href":"https:\/\/toquemonos.com\/index.php\/wp-json\/wp\/v2\/comments?post=4608"}],"wp:featuredmedia":[{"embeddable":true,"href":"https:\/\/toquemonos.com\/index.php\/wp-json\/wp\/v2\/media\/5287"}],"wp:attachment":[{"href":"https:\/\/toquemonos.com\/index.php\/wp-json\/wp\/v2\/media?parent=4608"}],"wp:term":[{"taxonomy":"product_brand","embeddable":true,"href":"https:\/\/toquemonos.com\/index.php\/wp-json\/wp\/v2\/product_brand?post=4608"},{"taxonomy":"product_cat","embeddable":true,"href":"https:\/\/toquemonos.com\/index.php\/wp-json\/wp\/v2\/product_cat?post=4608"},{"taxonomy":"product_tag","embeddable":true,"href":"https:\/\/toquemonos.com\/index.php\/wp-json\/wp\/v2\/product_tag?post=4608"}],"curies":[{"name":"wp","href":"https:\/\/api.w.org\/{rel}","templated":true}]}}