{"id":4603,"date":"2026-05-06T00:36:46","date_gmt":"2026-05-06T00:36:46","guid":{"rendered":"http:\/\/toquemonos.com\/index.php\/product\/queen-luxury-set-vibrador-rabbit\/"},"modified":"2026-05-06T00:36:46","modified_gmt":"2026-05-06T00:36:46","slug":"queen-luxury-set-vibrador-rabbit","status":"publish","type":"product","link":"https:\/\/toquemonos.com\/index.php\/product\/queen-luxury-set-vibrador-rabbit\/","title":{"rendered":"QUEEN LUXURY SET &#8211; Vibrador rabbit"},"content":{"rendered":"<p><strong>Precio Sugerido: S\/ 1,299.00<\/strong><\/p>\n<p>Set de lujo para pareja con 6 piezas seleccionadas, dise\u00f1ado para experiencias intensas y variadas con m\u00faltiples formas de estimulaci\u00f3n.<\/p>\n<ul>\n<li>Material: Silicona y ABS<\/li>\n<li>Largo: 38.5 cm<\/li>\n<li>Ancho: 26.5 cm<\/li>\n<li>Color: Negro y dorado<\/li>\n<li>Funciones: M\u00faltiples modos de vibraci\u00f3n, control de velocidad, funci\u00f3n de calentamiento, control remoto inal\u00e1mbrico y estimulaci\u00f3n tipo lamido<\/li>\n<\/ul>\n","protected":false},"excerpt":{"rendered":"<p>Precio Sugerido: S\/ 1,299.00 Set de lujo para pareja con 6 piezas seleccionadas, dise\u00f1ado para experiencias intensas y variadas con m\u00faltiples formas de estimulaci\u00f3n. Material: Silicona y ABS Largo: 38.5 cm Ancho: 26.5 cm Color: Negro y dorado Funciones: M\u00faltiples modos de vibraci\u00f3n, control de velocidad, funci\u00f3n de calentamiento, control remoto inal\u00e1mbrico y estimulaci\u00f3n tipo [&hellip;]<\/p>\n","protected":false},"featured_media":5293,"comment_status":"open","ping_status":"closed","template":"","meta":[],"product_brand":[],"product_cat":[210,186],"product_tag":[],"class_list":{"0":"post-4603","1":"product","2":"type-product","3":"status-publish","4":"has-post-thumbnail","6":"product_cat-vibrador-rabbit","7":"product_cat-vibradores","9":"first","10":"instock","11":"shipping-taxable","12":"purchasable","13":"product-type-simple"},"_links":{"self":[{"href":"https:\/\/toquemonos.com\/index.php\/wp-json\/wp\/v2\/product\/4603","targetHints":{"allow":["GET"]}}],"collection":[{"href":"https:\/\/toquemonos.com\/index.php\/wp-json\/wp\/v2\/product"}],"about":[{"href":"https:\/\/toquemonos.com\/index.php\/wp-json\/wp\/v2\/types\/product"}],"replies":[{"embeddable":true,"href":"https:\/\/toquemonos.com\/index.php\/wp-json\/wp\/v2\/comments?post=4603"}],"wp:featuredmedia":[{"embeddable":true,"href":"https:\/\/toquemonos.com\/index.php\/wp-json\/wp\/v2\/media\/5293"}],"wp:attachment":[{"href":"https:\/\/toquemonos.com\/index.php\/wp-json\/wp\/v2\/media?parent=4603"}],"wp:term":[{"taxonomy":"product_brand","embeddable":true,"href":"https:\/\/toquemonos.com\/index.php\/wp-json\/wp\/v2\/product_brand?post=4603"},{"taxonomy":"product_cat","embeddable":true,"href":"https:\/\/toquemonos.com\/index.php\/wp-json\/wp\/v2\/product_cat?post=4603"},{"taxonomy":"product_tag","embeddable":true,"href":"https:\/\/toquemonos.com\/index.php\/wp-json\/wp\/v2\/product_tag?post=4603"}],"curies":[{"name":"wp","href":"https:\/\/api.w.org\/{rel}","templated":true}]}}