{"id":4601,"date":"2026-05-06T00:36:46","date_gmt":"2026-05-06T00:36:46","guid":{"rendered":"http:\/\/toquemonos.com\/index.php\/product\/katherine-vibrador-de-clitoris\/"},"modified":"2026-05-06T00:36:46","modified_gmt":"2026-05-06T00:36:46","slug":"katherine-vibrador-de-clitoris","status":"publish","type":"product","link":"https:\/\/toquemonos.com\/index.php\/product\/katherine-vibrador-de-clitoris\/","title":{"rendered":"KATHERINE &#8211; Vibrador de cl\u00edtoris"},"content":{"rendered":"<p><strong>Precio Sugerido: S\/ 220.00<\/strong><\/p>\n<p>Masajeador de punto G con control remoto dise\u00f1ado para placer manos libres, con ajuste ergon\u00f3mico para estimulaci\u00f3n interna y externa.<\/p>\n<ul>\n<li>Material: Silicona<\/li>\n<li>Largo: 10.9 cm<\/li>\n<li>Ancho: 6.5 cm<\/li>\n<li>Color: Rosado<\/li>\n<li>Funciones: 12 funciones de vibraci\u00f3n, 4 funciones de pulsaci\u00f3n y control remoto inal\u00e1mbrico<\/li>\n<\/ul>\n","protected":false},"excerpt":{"rendered":"<p>Precio Sugerido: S\/ 220.00 Masajeador de punto G con control remoto dise\u00f1ado para placer manos libres, con ajuste ergon\u00f3mico para estimulaci\u00f3n interna y externa. Material: Silicona Largo: 10.9 cm Ancho: 6.5 cm Color: Rosado Funciones: 12 funciones de vibraci\u00f3n, 4 funciones de pulsaci\u00f3n y control remoto inal\u00e1mbrico<\/p>\n","protected":false},"featured_media":5291,"comment_status":"open","ping_status":"closed","template":"","meta":[],"product_brand":[],"product_cat":[199,186],"product_tag":[],"class_list":{"0":"post-4601","1":"product","2":"type-product","3":"status-publish","4":"has-post-thumbnail","6":"product_cat-vibrador-de-clitoris","7":"product_cat-vibradores","9":"first","10":"instock","11":"shipping-taxable","12":"purchasable","13":"product-type-simple"},"_links":{"self":[{"href":"https:\/\/toquemonos.com\/index.php\/wp-json\/wp\/v2\/product\/4601","targetHints":{"allow":["GET"]}}],"collection":[{"href":"https:\/\/toquemonos.com\/index.php\/wp-json\/wp\/v2\/product"}],"about":[{"href":"https:\/\/toquemonos.com\/index.php\/wp-json\/wp\/v2\/types\/product"}],"replies":[{"embeddable":true,"href":"https:\/\/toquemonos.com\/index.php\/wp-json\/wp\/v2\/comments?post=4601"}],"wp:featuredmedia":[{"embeddable":true,"href":"https:\/\/toquemonos.com\/index.php\/wp-json\/wp\/v2\/media\/5291"}],"wp:attachment":[{"href":"https:\/\/toquemonos.com\/index.php\/wp-json\/wp\/v2\/media?parent=4601"}],"wp:term":[{"taxonomy":"product_brand","embeddable":true,"href":"https:\/\/toquemonos.com\/index.php\/wp-json\/wp\/v2\/product_brand?post=4601"},{"taxonomy":"product_cat","embeddable":true,"href":"https:\/\/toquemonos.com\/index.php\/wp-json\/wp\/v2\/product_cat?post=4601"},{"taxonomy":"product_tag","embeddable":true,"href":"https:\/\/toquemonos.com\/index.php\/wp-json\/wp\/v2\/product_tag?post=4601"}],"curies":[{"name":"wp","href":"https:\/\/api.w.org\/{rel}","templated":true}]}}