{"id":4597,"date":"2026-05-06T00:36:45","date_gmt":"2026-05-06T00:36:45","guid":{"rendered":"http:\/\/toquemonos.com\/index.php\/product\/elemental-vibrador-clasico\/"},"modified":"2026-05-06T00:36:45","modified_gmt":"2026-05-06T00:36:45","slug":"elemental-vibrador-clasico","status":"publish","type":"product","link":"https:\/\/toquemonos.com\/index.php\/product\/elemental-vibrador-clasico\/","title":{"rendered":"ELEMENTAL &#8211; Vibrador cl\u00e1sico"},"content":{"rendered":"<p><strong>Precio Sugerido: S\/ 100.00<\/strong><\/p>\n<p>Vibrador curvo para punto G con dise\u00f1o ergon\u00f3mico y cabeza redondeada, ideal para estimulaci\u00f3n intensa y prolongada.<\/p>\n<ul>\n<li>Material: Silicona<\/li>\n<li>Largo: 19 cm<\/li>\n<li>Ancho: 3.2 cm<\/li>\n<li>Color: Morado y Blanco<\/li>\n<li>Funciones: 30 funciones de vibraci\u00f3n<\/li>\n<\/ul>\n","protected":false},"excerpt":{"rendered":"<p>Precio Sugerido: S\/ 100.00 Vibrador curvo para punto G con dise\u00f1o ergon\u00f3mico y cabeza redondeada, ideal para estimulaci\u00f3n intensa y prolongada. Material: Silicona Largo: 19 cm Ancho: 3.2 cm Color: Morado y Blanco Funciones: 30 funciones de vibraci\u00f3n<\/p>\n","protected":false},"featured_media":5303,"comment_status":"open","ping_status":"closed","template":"","meta":[],"product_brand":[],"product_cat":[211,186],"product_tag":[],"class_list":{"0":"post-4597","1":"product","2":"type-product","3":"status-publish","4":"has-post-thumbnail","6":"product_cat-vibrador-clasico","7":"product_cat-vibradores","9":"first","10":"instock","11":"shipping-taxable","12":"purchasable","13":"product-type-simple"},"_links":{"self":[{"href":"https:\/\/toquemonos.com\/index.php\/wp-json\/wp\/v2\/product\/4597","targetHints":{"allow":["GET"]}}],"collection":[{"href":"https:\/\/toquemonos.com\/index.php\/wp-json\/wp\/v2\/product"}],"about":[{"href":"https:\/\/toquemonos.com\/index.php\/wp-json\/wp\/v2\/types\/product"}],"replies":[{"embeddable":true,"href":"https:\/\/toquemonos.com\/index.php\/wp-json\/wp\/v2\/comments?post=4597"}],"wp:featuredmedia":[{"embeddable":true,"href":"https:\/\/toquemonos.com\/index.php\/wp-json\/wp\/v2\/media\/5303"}],"wp:attachment":[{"href":"https:\/\/toquemonos.com\/index.php\/wp-json\/wp\/v2\/media?parent=4597"}],"wp:term":[{"taxonomy":"product_brand","embeddable":true,"href":"https:\/\/toquemonos.com\/index.php\/wp-json\/wp\/v2\/product_brand?post=4597"},{"taxonomy":"product_cat","embeddable":true,"href":"https:\/\/toquemonos.com\/index.php\/wp-json\/wp\/v2\/product_cat?post=4597"},{"taxonomy":"product_tag","embeddable":true,"href":"https:\/\/toquemonos.com\/index.php\/wp-json\/wp\/v2\/product_tag?post=4597"}],"curies":[{"name":"wp","href":"https:\/\/api.w.org\/{rel}","templated":true}]}}