{"id":4594,"date":"2026-05-06T00:36:45","date_gmt":"2026-05-06T00:36:45","guid":{"rendered":"http:\/\/toquemonos.com\/index.php\/product\/cerberus-vibrador-rabbit\/"},"modified":"2026-05-06T00:36:45","modified_gmt":"2026-05-06T00:36:45","slug":"cerberus-vibrador-rabbit","status":"publish","type":"product","link":"https:\/\/toquemonos.com\/index.php\/product\/cerberus-vibrador-rabbit\/","title":{"rendered":"CERBERUS &#8211; Vibrador rabbit"},"content":{"rendered":"<p><strong>Precio Sugerido: S\/ 120.00<\/strong><\/p>\n<p>Vibrador rabbit de silicona con dise\u00f1o estilizado para estimulaci\u00f3n interna y externa, ideal para explorar m\u00faltiples sensaciones.<\/p>\n<ul>\n<li>Material: Silicona<\/li>\n<li>Largo: 20.6 cm<\/li>\n<li>Ancho: 3.2 cm<\/li>\n<li>Color: Verde y Blanco<\/li>\n<li>Funciones: 30 funciones de vibraci\u00f3n y 30 configuraciones de estimulaci\u00f3n externa<\/li>\n<\/ul>\n","protected":false},"excerpt":{"rendered":"<p>Precio Sugerido: S\/ 120.00 Vibrador rabbit de silicona con dise\u00f1o estilizado para estimulaci\u00f3n interna y externa, ideal para explorar m\u00faltiples sensaciones. Material: Silicona Largo: 20.6 cm Ancho: 3.2 cm Color: Verde y Blanco Funciones: 30 funciones de vibraci\u00f3n y 30 configuraciones de estimulaci\u00f3n externa<\/p>\n","protected":false},"featured_media":5301,"comment_status":"open","ping_status":"closed","template":"","meta":[],"product_brand":[],"product_cat":[210,186],"product_tag":[],"class_list":{"0":"post-4594","1":"product","2":"type-product","3":"status-publish","4":"has-post-thumbnail","6":"product_cat-vibrador-rabbit","7":"product_cat-vibradores","9":"first","10":"instock","11":"shipping-taxable","12":"purchasable","13":"product-type-simple"},"_links":{"self":[{"href":"https:\/\/toquemonos.com\/index.php\/wp-json\/wp\/v2\/product\/4594","targetHints":{"allow":["GET"]}}],"collection":[{"href":"https:\/\/toquemonos.com\/index.php\/wp-json\/wp\/v2\/product"}],"about":[{"href":"https:\/\/toquemonos.com\/index.php\/wp-json\/wp\/v2\/types\/product"}],"replies":[{"embeddable":true,"href":"https:\/\/toquemonos.com\/index.php\/wp-json\/wp\/v2\/comments?post=4594"}],"wp:featuredmedia":[{"embeddable":true,"href":"https:\/\/toquemonos.com\/index.php\/wp-json\/wp\/v2\/media\/5301"}],"wp:attachment":[{"href":"https:\/\/toquemonos.com\/index.php\/wp-json\/wp\/v2\/media?parent=4594"}],"wp:term":[{"taxonomy":"product_brand","embeddable":true,"href":"https:\/\/toquemonos.com\/index.php\/wp-json\/wp\/v2\/product_brand?post=4594"},{"taxonomy":"product_cat","embeddable":true,"href":"https:\/\/toquemonos.com\/index.php\/wp-json\/wp\/v2\/product_cat?post=4594"},{"taxonomy":"product_tag","embeddable":true,"href":"https:\/\/toquemonos.com\/index.php\/wp-json\/wp\/v2\/product_tag?post=4594"}],"curies":[{"name":"wp","href":"https:\/\/api.w.org\/{rel}","templated":true}]}}