{"id":4593,"date":"2026-05-06T00:36:45","date_gmt":"2026-05-06T00:36:45","guid":{"rendered":"http:\/\/toquemonos.com\/index.php\/product\/knucker-purple-vibrador-huevo\/"},"modified":"2026-05-06T00:36:45","modified_gmt":"2026-05-06T00:36:45","slug":"knucker-purple-vibrador-huevo","status":"publish","type":"product","link":"https:\/\/toquemonos.com\/index.php\/product\/knucker-purple-vibrador-huevo\/","title":{"rendered":"KNUCKER PURPLE &#8211; Vibrador huevo"},"content":{"rendered":"<p><strong>Precio Sugerido: S\/ 160.00<\/strong><\/p>\n<p>Huevo vibrador de silicona dise\u00f1ado para brindar estimulaci\u00f3n intensa y personalizada con m\u00faltiples modos de vibraci\u00f3n.<\/p>\n<ul>\n<li>Material: Silicona<\/li>\n<li>Largo: 18.6 cm<\/li>\n<li>Ancho: 3.4 cm<\/li>\n<li>Color: Morado<\/li>\n<li>Funciones: 12 funciones de vibraci\u00f3n<\/li>\n<\/ul>\n","protected":false},"excerpt":{"rendered":"<p>Precio Sugerido: S\/ 160.00 Huevo vibrador de silicona dise\u00f1ado para brindar estimulaci\u00f3n intensa y personalizada con m\u00faltiples modos de vibraci\u00f3n. Material: Silicona Largo: 18.6 cm Ancho: 3.4 cm Color: Morado Funciones: 12 funciones de vibraci\u00f3n<\/p>\n","protected":false},"featured_media":5300,"comment_status":"open","ping_status":"closed","template":"","meta":[],"product_brand":[],"product_cat":[191,186],"product_tag":[],"class_list":{"0":"post-4593","1":"product","2":"type-product","3":"status-publish","4":"has-post-thumbnail","6":"product_cat-vibrador-huevo","7":"product_cat-vibradores","9":"first","10":"instock","11":"shipping-taxable","12":"purchasable","13":"product-type-simple"},"_links":{"self":[{"href":"https:\/\/toquemonos.com\/index.php\/wp-json\/wp\/v2\/product\/4593","targetHints":{"allow":["GET"]}}],"collection":[{"href":"https:\/\/toquemonos.com\/index.php\/wp-json\/wp\/v2\/product"}],"about":[{"href":"https:\/\/toquemonos.com\/index.php\/wp-json\/wp\/v2\/types\/product"}],"replies":[{"embeddable":true,"href":"https:\/\/toquemonos.com\/index.php\/wp-json\/wp\/v2\/comments?post=4593"}],"wp:featuredmedia":[{"embeddable":true,"href":"https:\/\/toquemonos.com\/index.php\/wp-json\/wp\/v2\/media\/5300"}],"wp:attachment":[{"href":"https:\/\/toquemonos.com\/index.php\/wp-json\/wp\/v2\/media?parent=4593"}],"wp:term":[{"taxonomy":"product_brand","embeddable":true,"href":"https:\/\/toquemonos.com\/index.php\/wp-json\/wp\/v2\/product_brand?post=4593"},{"taxonomy":"product_cat","embeddable":true,"href":"https:\/\/toquemonos.com\/index.php\/wp-json\/wp\/v2\/product_cat?post=4593"},{"taxonomy":"product_tag","embeddable":true,"href":"https:\/\/toquemonos.com\/index.php\/wp-json\/wp\/v2\/product_tag?post=4593"}],"curies":[{"name":"wp","href":"https:\/\/api.w.org\/{rel}","templated":true}]}}