{"id":4588,"date":"2026-05-06T00:36:44","date_gmt":"2026-05-06T00:36:44","guid":{"rendered":"http:\/\/toquemonos.com\/index.php\/product\/30th-set-vibrador-huevo\/"},"modified":"2026-05-06T00:36:44","modified_gmt":"2026-05-06T00:36:44","slug":"30th-set-vibrador-huevo","status":"publish","type":"product","link":"https:\/\/toquemonos.com\/index.php\/product\/30th-set-vibrador-huevo\/","title":{"rendered":"30TH SET &#8211; Vibrador huevo"},"content":{"rendered":"<p><strong>Precio Sugerido: S\/ 400.00<\/strong><\/p>\n<p>Kit de regalo cl\u00e1sico de edici\u00f3n aniversario, cuidadosamente seleccionado con productos m\u00e1s vendidos para disfrutar en pareja y celebrar el placer.<\/p>\n<ul>\n<li>Material: Silicona<\/li>\n<li>Largo: 26.5 cm<\/li>\n<li>Ancho: 38.5 cm<\/li>\n<li>Color: Negro<\/li>\n<li>Funciones: M\u00faltiples funciones de vibraci\u00f3n con diferentes modos de estimulaci\u00f3n<\/li>\n<\/ul>\n","protected":false},"excerpt":{"rendered":"<p>Precio Sugerido: S\/ 400.00 Kit de regalo cl\u00e1sico de edici\u00f3n aniversario, cuidadosamente seleccionado con productos m\u00e1s vendidos para disfrutar en pareja y celebrar el placer. Material: Silicona Largo: 26.5 cm Ancho: 38.5 cm Color: Negro Funciones: M\u00faltiples funciones de vibraci\u00f3n con diferentes modos de estimulaci\u00f3n<\/p>\n","protected":false},"featured_media":5310,"comment_status":"open","ping_status":"closed","template":"","meta":[],"product_brand":[],"product_cat":[191,186],"product_tag":[],"class_list":{"0":"post-4588","1":"product","2":"type-product","3":"status-publish","4":"has-post-thumbnail","6":"product_cat-vibrador-huevo","7":"product_cat-vibradores","9":"first","10":"instock","11":"shipping-taxable","12":"purchasable","13":"product-type-simple"},"_links":{"self":[{"href":"https:\/\/toquemonos.com\/index.php\/wp-json\/wp\/v2\/product\/4588","targetHints":{"allow":["GET"]}}],"collection":[{"href":"https:\/\/toquemonos.com\/index.php\/wp-json\/wp\/v2\/product"}],"about":[{"href":"https:\/\/toquemonos.com\/index.php\/wp-json\/wp\/v2\/types\/product"}],"replies":[{"embeddable":true,"href":"https:\/\/toquemonos.com\/index.php\/wp-json\/wp\/v2\/comments?post=4588"}],"wp:featuredmedia":[{"embeddable":true,"href":"https:\/\/toquemonos.com\/index.php\/wp-json\/wp\/v2\/media\/5310"}],"wp:attachment":[{"href":"https:\/\/toquemonos.com\/index.php\/wp-json\/wp\/v2\/media?parent=4588"}],"wp:term":[{"taxonomy":"product_brand","embeddable":true,"href":"https:\/\/toquemonos.com\/index.php\/wp-json\/wp\/v2\/product_brand?post=4588"},{"taxonomy":"product_cat","embeddable":true,"href":"https:\/\/toquemonos.com\/index.php\/wp-json\/wp\/v2\/product_cat?post=4588"},{"taxonomy":"product_tag","embeddable":true,"href":"https:\/\/toquemonos.com\/index.php\/wp-json\/wp\/v2\/product_tag?post=4588"}],"curies":[{"name":"wp","href":"https:\/\/api.w.org\/{rel}","templated":true}]}}