{"id":4587,"date":"2026-05-06T00:36:44","date_gmt":"2026-05-06T00:36:44","guid":{"rendered":"http:\/\/toquemonos.com\/index.php\/product\/marico-vibrador-para-dedo\/"},"modified":"2026-05-06T00:36:44","modified_gmt":"2026-05-06T00:36:44","slug":"marico-vibrador-para-dedo","status":"publish","type":"product","link":"https:\/\/toquemonos.com\/index.php\/product\/marico-vibrador-para-dedo\/","title":{"rendered":"MARICO &#8211; Vibrador para dedo"},"content":{"rendered":"<p><strong>Precio Sugerido: S\/ 180.00<\/strong><\/p>\n<p>Funda estimuladora para dedo con electroestimulaci\u00f3n, dise\u00f1ada para una estimulaci\u00f3n precisa y controlada en zonas sensibles.<\/p>\n<ul>\n<li>Material: Silicona<\/li>\n<li>Largo: 10.5 cm<\/li>\n<li>Ancho: 3.8 cm<\/li>\n<li>Color: Negro<\/li>\n<li>Funciones: 7 funciones de vibraci\u00f3n y 1 funci\u00f3n de electroestimulaci\u00f3n<\/li>\n<\/ul>\n","protected":false},"excerpt":{"rendered":"<p>Precio Sugerido: S\/ 180.00 Funda estimuladora para dedo con electroestimulaci\u00f3n, dise\u00f1ada para una estimulaci\u00f3n precisa y controlada en zonas sensibles. Material: Silicona Largo: 10.5 cm Ancho: 3.8 cm Color: Negro Funciones: 7 funciones de vibraci\u00f3n y 1 funci\u00f3n de electroestimulaci\u00f3n<\/p>\n","protected":false},"featured_media":5309,"comment_status":"open","ping_status":"closed","template":"","meta":[],"product_brand":[],"product_cat":[216,186],"product_tag":[],"class_list":{"0":"post-4587","1":"product","2":"type-product","3":"status-publish","4":"has-post-thumbnail","6":"product_cat-vibrador-para-dedo","7":"product_cat-vibradores","9":"first","10":"instock","11":"shipping-taxable","12":"purchasable","13":"product-type-simple"},"_links":{"self":[{"href":"https:\/\/toquemonos.com\/index.php\/wp-json\/wp\/v2\/product\/4587","targetHints":{"allow":["GET"]}}],"collection":[{"href":"https:\/\/toquemonos.com\/index.php\/wp-json\/wp\/v2\/product"}],"about":[{"href":"https:\/\/toquemonos.com\/index.php\/wp-json\/wp\/v2\/types\/product"}],"replies":[{"embeddable":true,"href":"https:\/\/toquemonos.com\/index.php\/wp-json\/wp\/v2\/comments?post=4587"}],"wp:featuredmedia":[{"embeddable":true,"href":"https:\/\/toquemonos.com\/index.php\/wp-json\/wp\/v2\/media\/5309"}],"wp:attachment":[{"href":"https:\/\/toquemonos.com\/index.php\/wp-json\/wp\/v2\/media?parent=4587"}],"wp:term":[{"taxonomy":"product_brand","embeddable":true,"href":"https:\/\/toquemonos.com\/index.php\/wp-json\/wp\/v2\/product_brand?post=4587"},{"taxonomy":"product_cat","embeddable":true,"href":"https:\/\/toquemonos.com\/index.php\/wp-json\/wp\/v2\/product_cat?post=4587"},{"taxonomy":"product_tag","embeddable":true,"href":"https:\/\/toquemonos.com\/index.php\/wp-json\/wp\/v2\/product_tag?post=4587"}],"curies":[{"name":"wp","href":"https:\/\/api.w.org\/{rel}","templated":true}]}}