{"id":4583,"date":"2026-05-06T00:36:43","date_gmt":"2026-05-06T00:36:43","guid":{"rendered":"http:\/\/toquemonos.com\/index.php\/product\/daisy-vibrador-huevo\/"},"modified":"2026-05-06T00:36:43","modified_gmt":"2026-05-06T00:36:43","slug":"daisy-vibrador-huevo","status":"publish","type":"product","link":"https:\/\/toquemonos.com\/index.php\/product\/daisy-vibrador-huevo\/","title":{"rendered":"DAISY &#8211; Vibrador huevo"},"content":{"rendered":"<p><strong>Precio Sugerido: S\/ 190.00<\/strong><\/p>\n<p>Huevo vibrador con estimulaci\u00f3n dual, dise\u00f1ado para brindar placer intenso con m\u00faltiples modos de vibraci\u00f3n y funci\u00f3n de lamido.<\/p>\n<ul>\n<li>Material: Silicona<\/li>\n<li>Largo: 7.3 cm<\/li>\n<li>Ancho: 3.3 cm<\/li>\n<li>Color: Rosa<\/li>\n<li>Funciones: 12 funciones de vibraci\u00f3n, 3 funciones de lamido y memoria de modos<\/li>\n<\/ul>\n","protected":false},"excerpt":{"rendered":"<p>Precio Sugerido: S\/ 190.00 Huevo vibrador con estimulaci\u00f3n dual, dise\u00f1ado para brindar placer intenso con m\u00faltiples modos de vibraci\u00f3n y funci\u00f3n de lamido. Material: Silicona Largo: 7.3 cm Ancho: 3.3 cm Color: Rosa Funciones: 12 funciones de vibraci\u00f3n, 3 funciones de lamido y memoria de modos<\/p>\n","protected":false},"featured_media":5314,"comment_status":"open","ping_status":"closed","template":"","meta":[],"product_brand":[],"product_cat":[191,186],"product_tag":[],"class_list":{"0":"post-4583","1":"product","2":"type-product","3":"status-publish","4":"has-post-thumbnail","6":"product_cat-vibrador-huevo","7":"product_cat-vibradores","9":"first","10":"instock","11":"shipping-taxable","12":"purchasable","13":"product-type-simple"},"_links":{"self":[{"href":"https:\/\/toquemonos.com\/index.php\/wp-json\/wp\/v2\/product\/4583","targetHints":{"allow":["GET"]}}],"collection":[{"href":"https:\/\/toquemonos.com\/index.php\/wp-json\/wp\/v2\/product"}],"about":[{"href":"https:\/\/toquemonos.com\/index.php\/wp-json\/wp\/v2\/types\/product"}],"replies":[{"embeddable":true,"href":"https:\/\/toquemonos.com\/index.php\/wp-json\/wp\/v2\/comments?post=4583"}],"wp:featuredmedia":[{"embeddable":true,"href":"https:\/\/toquemonos.com\/index.php\/wp-json\/wp\/v2\/media\/5314"}],"wp:attachment":[{"href":"https:\/\/toquemonos.com\/index.php\/wp-json\/wp\/v2\/media?parent=4583"}],"wp:term":[{"taxonomy":"product_brand","embeddable":true,"href":"https:\/\/toquemonos.com\/index.php\/wp-json\/wp\/v2\/product_brand?post=4583"},{"taxonomy":"product_cat","embeddable":true,"href":"https:\/\/toquemonos.com\/index.php\/wp-json\/wp\/v2\/product_cat?post=4583"},{"taxonomy":"product_tag","embeddable":true,"href":"https:\/\/toquemonos.com\/index.php\/wp-json\/wp\/v2\/product_tag?post=4583"}],"curies":[{"name":"wp","href":"https:\/\/api.w.org\/{rel}","templated":true}]}}