{"id":4581,"date":"2026-05-06T00:36:43","date_gmt":"2026-05-06T00:36:43","guid":{"rendered":"http:\/\/toquemonos.com\/index.php\/product\/hobgoblin-vibrador-para-dedo\/"},"modified":"2026-05-06T00:36:43","modified_gmt":"2026-05-06T00:36:43","slug":"hobgoblin-vibrador-para-dedo","status":"publish","type":"product","link":"https:\/\/toquemonos.com\/index.php\/product\/hobgoblin-vibrador-para-dedo\/","title":{"rendered":"HOBGOBLIN &#8211; Vibrador para dedo"},"content":{"rendered":"<p><strong>Precio Sugerido: S\/ 160.00<\/strong><\/p>\n<p>Funda vibradora para dedo dise\u00f1ada para intensificar tus juegos \u00edntimos y el juego previo. Incorpora un mini vibrador tipo bala en la punta que aporta nuevas sensaciones estimulantes, junto con una funci\u00f3n de \u201clicking\u201d que a\u00f1ade un toque extra de placer. Su material de silicona suave es delicado con la piel y permite una estimulaci\u00f3n precisa y controlada.<\/p>\n<ul>\n<li>12 funciones de vibraci\u00f3n.<\/li>\n<li>3 modos de estimulaci\u00f3n tipo licking.<\/li>\n<li>Dise\u00f1o tipo funda para dedo, pr\u00e1ctico y f\u00e1cil de usar.<\/li>\n<li>Ideal para masturbaci\u00f3n, juegos previos y estimulaci\u00f3n en pareja.<\/li>\n<li>Estimulaci\u00f3n precisa gracias al vibrador en la punta.<\/li>\n<li>Textura suave que se adapta c\u00f3modamente al dedo.<\/li>\n<li>Material: Silicona segura para el cuerpo.<\/li>\n<li>Recargable por USB.<\/li>\n<li>Compacto, discreto y f\u00e1cil de transportar.<\/li>\n<li>F\u00e1cil de limpiar y mantener.<\/li>\n<\/ul>\n","protected":false},"excerpt":{"rendered":"<p>Precio Sugerido: S\/ 160.00 Funda vibradora para dedo dise\u00f1ada para intensificar tus juegos \u00edntimos y el juego previo. Incorpora un mini vibrador tipo bala en la punta que aporta nuevas sensaciones estimulantes, junto con una funci\u00f3n de \u201clicking\u201d que a\u00f1ade un toque extra de placer. Su material de silicona suave es delicado con la piel [&hellip;]<\/p>\n","protected":false},"featured_media":5320,"comment_status":"open","ping_status":"closed","template":"","meta":[],"product_brand":[],"product_cat":[216,186],"product_tag":[],"class_list":{"0":"post-4581","1":"product","2":"type-product","3":"status-publish","4":"has-post-thumbnail","6":"product_cat-vibrador-para-dedo","7":"product_cat-vibradores","9":"first","10":"instock","11":"shipping-taxable","12":"purchasable","13":"product-type-simple"},"_links":{"self":[{"href":"https:\/\/toquemonos.com\/index.php\/wp-json\/wp\/v2\/product\/4581","targetHints":{"allow":["GET"]}}],"collection":[{"href":"https:\/\/toquemonos.com\/index.php\/wp-json\/wp\/v2\/product"}],"about":[{"href":"https:\/\/toquemonos.com\/index.php\/wp-json\/wp\/v2\/types\/product"}],"replies":[{"embeddable":true,"href":"https:\/\/toquemonos.com\/index.php\/wp-json\/wp\/v2\/comments?post=4581"}],"wp:featuredmedia":[{"embeddable":true,"href":"https:\/\/toquemonos.com\/index.php\/wp-json\/wp\/v2\/media\/5320"}],"wp:attachment":[{"href":"https:\/\/toquemonos.com\/index.php\/wp-json\/wp\/v2\/media?parent=4581"}],"wp:term":[{"taxonomy":"product_brand","embeddable":true,"href":"https:\/\/toquemonos.com\/index.php\/wp-json\/wp\/v2\/product_brand?post=4581"},{"taxonomy":"product_cat","embeddable":true,"href":"https:\/\/toquemonos.com\/index.php\/wp-json\/wp\/v2\/product_cat?post=4581"},{"taxonomy":"product_tag","embeddable":true,"href":"https:\/\/toquemonos.com\/index.php\/wp-json\/wp\/v2\/product_tag?post=4581"}],"curies":[{"name":"wp","href":"https:\/\/api.w.org\/{rel}","templated":true}]}}