{"id":4579,"date":"2026-05-06T00:36:43","date_gmt":"2026-05-06T00:36:43","guid":{"rendered":"http:\/\/toquemonos.com\/index.php\/product\/dorothy-vibrador-rabbit\/"},"modified":"2026-05-06T00:36:43","modified_gmt":"2026-05-06T00:36:43","slug":"dorothy-vibrador-rabbit","status":"publish","type":"product","link":"https:\/\/toquemonos.com\/index.php\/product\/dorothy-vibrador-rabbit\/","title":{"rendered":"DOROTHY &#8211; Vibrador rabbit"},"content":{"rendered":"<p><strong>Precio Sugerido: S\/ 320.00<\/strong><\/p>\n<p>Vibrador tipo conejo ideal para principiantes, con un dise\u00f1o delgado, suave y c\u00f3modo que permite una penetraci\u00f3n placentera y estimulante. Combina vibraci\u00f3n y movimiento de empuje para ofrecer sensaciones realistas e intensas, mientras su material de silicona brinda una textura sedosa y agradable al contacto con la piel.<\/p>\n<ul>\n<li>12 funciones de vibraci\u00f3n.<\/li>\n<li>3 modos de empuje (thrusting) para una estimulaci\u00f3n m\u00e1s realista.<\/li>\n<li>Funci\u00f3n de memoria que guarda el \u00faltimo modo utilizado.<\/li>\n<li>Dise\u00f1o delgado y ligero, ideal para principiantes.<\/li>\n<li>Estimulaci\u00f3n dual: punto G y cl\u00edtoris.<\/li>\n<li>Cabeza con forma realista para mayor placer interno.<\/li>\n<li>Textura suave y sedosa para una experiencia confortable.<\/li>\n<li>Material: Silicona segura para el cuerpo.<\/li>\n<li>Recargable por USB.<\/li>\n<li>F\u00e1cil de usar y limpiar.<\/li>\n<\/ul>\n","protected":false},"excerpt":{"rendered":"<p>Precio Sugerido: S\/ 320.00 Vibrador tipo conejo ideal para principiantes, con un dise\u00f1o delgado, suave y c\u00f3modo que permite una penetraci\u00f3n placentera y estimulante. Combina vibraci\u00f3n y movimiento de empuje para ofrecer sensaciones realistas e intensas, mientras su material de silicona brinda una textura sedosa y agradable al contacto con la piel. 12 funciones de [&hellip;]<\/p>\n","protected":false},"featured_media":5318,"comment_status":"open","ping_status":"closed","template":"","meta":[],"product_brand":[],"product_cat":[210,186],"product_tag":[],"class_list":{"0":"post-4579","1":"product","2":"type-product","3":"status-publish","4":"has-post-thumbnail","6":"product_cat-vibrador-rabbit","7":"product_cat-vibradores","9":"first","10":"instock","11":"shipping-taxable","12":"purchasable","13":"product-type-simple"},"_links":{"self":[{"href":"https:\/\/toquemonos.com\/index.php\/wp-json\/wp\/v2\/product\/4579","targetHints":{"allow":["GET"]}}],"collection":[{"href":"https:\/\/toquemonos.com\/index.php\/wp-json\/wp\/v2\/product"}],"about":[{"href":"https:\/\/toquemonos.com\/index.php\/wp-json\/wp\/v2\/types\/product"}],"replies":[{"embeddable":true,"href":"https:\/\/toquemonos.com\/index.php\/wp-json\/wp\/v2\/comments?post=4579"}],"wp:featuredmedia":[{"embeddable":true,"href":"https:\/\/toquemonos.com\/index.php\/wp-json\/wp\/v2\/media\/5318"}],"wp:attachment":[{"href":"https:\/\/toquemonos.com\/index.php\/wp-json\/wp\/v2\/media?parent=4579"}],"wp:term":[{"taxonomy":"product_brand","embeddable":true,"href":"https:\/\/toquemonos.com\/index.php\/wp-json\/wp\/v2\/product_brand?post=4579"},{"taxonomy":"product_cat","embeddable":true,"href":"https:\/\/toquemonos.com\/index.php\/wp-json\/wp\/v2\/product_cat?post=4579"},{"taxonomy":"product_tag","embeddable":true,"href":"https:\/\/toquemonos.com\/index.php\/wp-json\/wp\/v2\/product_tag?post=4579"}],"curies":[{"name":"wp","href":"https:\/\/api.w.org\/{rel}","templated":true}]}}