{"id":4578,"date":"2026-05-06T00:36:43","date_gmt":"2026-05-06T00:36:43","guid":{"rendered":"http:\/\/toquemonos.com\/index.php\/product\/yedda-vibrador-u-pareja\/"},"modified":"2026-05-06T00:36:43","modified_gmt":"2026-05-06T00:36:43","slug":"yedda-vibrador-u-pareja","status":"publish","type":"product","link":"https:\/\/toquemonos.com\/index.php\/product\/yedda-vibrador-u-pareja\/","title":{"rendered":"YEDDA &#8211; Vibrador U pareja"},"content":{"rendered":"<p><strong>Precio Sugerido: S\/ 180.00<\/strong><\/p>\n<p>Vibrador en forma de C dise\u00f1ado para ofrecer estimulaci\u00f3n interna y externa al mismo tiempo. Su dise\u00f1o flexible y ergon\u00f3mico permite alcanzar el punto G mientras estimula el cl\u00edtoris, brindando una experiencia intensa, c\u00f3moda y completamente personalizable.<\/p>\n<ul>\n<li>12 funciones de vibraci\u00f3n.<\/li>\n<li>Funci\u00f3n de memoria que guarda el \u00faltimo modo utilizado.<\/li>\n<li>Dise\u00f1o flexible y moldeable para mayor comodidad.<\/li>\n<li>Estimulaci\u00f3n dual: punto G y cl\u00edtoris.<\/li>\n<li>Punta ligeramente elevada para una estimulaci\u00f3n precisa del punto G.<\/li>\n<li>Relieves suaves para mayor sensaci\u00f3n en la estimulaci\u00f3n externa.<\/li>\n<li>Material: Silicona suave y segura para el cuerpo.<\/li>\n<li>Cuello estrecho y flexible para una inserci\u00f3n c\u00f3moda.<\/li>\n<li>Recargable por USB.<\/li>\n<li>Ideal para uso individual o en pareja.<\/li>\n<\/ul>\n","protected":false},"excerpt":{"rendered":"<p>Precio Sugerido: S\/ 180.00 Vibrador en forma de C dise\u00f1ado para ofrecer estimulaci\u00f3n interna y externa al mismo tiempo. Su dise\u00f1o flexible y ergon\u00f3mico permite alcanzar el punto G mientras estimula el cl\u00edtoris, brindando una experiencia intensa, c\u00f3moda y completamente personalizable. 12 funciones de vibraci\u00f3n. Funci\u00f3n de memoria que guarda el \u00faltimo modo utilizado. Dise\u00f1o [&hellip;]<\/p>\n","protected":false},"featured_media":5317,"comment_status":"open","ping_status":"closed","template":"","meta":[],"product_brand":[],"product_cat":[214,186],"product_tag":[],"class_list":{"0":"post-4578","1":"product","2":"type-product","3":"status-publish","4":"has-post-thumbnail","6":"product_cat-vibrador-u-pareja","7":"product_cat-vibradores","9":"first","10":"instock","11":"shipping-taxable","12":"purchasable","13":"product-type-simple"},"_links":{"self":[{"href":"https:\/\/toquemonos.com\/index.php\/wp-json\/wp\/v2\/product\/4578","targetHints":{"allow":["GET"]}}],"collection":[{"href":"https:\/\/toquemonos.com\/index.php\/wp-json\/wp\/v2\/product"}],"about":[{"href":"https:\/\/toquemonos.com\/index.php\/wp-json\/wp\/v2\/types\/product"}],"replies":[{"embeddable":true,"href":"https:\/\/toquemonos.com\/index.php\/wp-json\/wp\/v2\/comments?post=4578"}],"wp:featuredmedia":[{"embeddable":true,"href":"https:\/\/toquemonos.com\/index.php\/wp-json\/wp\/v2\/media\/5317"}],"wp:attachment":[{"href":"https:\/\/toquemonos.com\/index.php\/wp-json\/wp\/v2\/media?parent=4578"}],"wp:term":[{"taxonomy":"product_brand","embeddable":true,"href":"https:\/\/toquemonos.com\/index.php\/wp-json\/wp\/v2\/product_brand?post=4578"},{"taxonomy":"product_cat","embeddable":true,"href":"https:\/\/toquemonos.com\/index.php\/wp-json\/wp\/v2\/product_cat?post=4578"},{"taxonomy":"product_tag","embeddable":true,"href":"https:\/\/toquemonos.com\/index.php\/wp-json\/wp\/v2\/product_tag?post=4578"}],"curies":[{"name":"wp","href":"https:\/\/api.w.org\/{rel}","templated":true}]}}