{"id":4570,"date":"2026-05-06T00:36:41","date_gmt":"2026-05-06T00:36:41","guid":{"rendered":"http:\/\/toquemonos.com\/index.php\/product\/meredith-purple-vibrador-de-clitoris\/"},"modified":"2026-05-06T00:36:41","modified_gmt":"2026-05-06T00:36:41","slug":"meredith-purple-vibrador-de-clitoris","status":"publish","type":"product","link":"https:\/\/toquemonos.com\/index.php\/product\/meredith-purple-vibrador-de-clitoris\/","title":{"rendered":"MEREDITH PURPLE &#8211; Vibrador de cl\u00edtoris"},"content":{"rendered":"<p><strong>Precio Sugerido: S\/ 250.00<\/strong><\/p>\n<p>Varita masajeadora de silicona suave, especialmente dise\u00f1ada para disfrutar del placer en la ducha, la ba\u00f1era o el jacuzzi. Su dise\u00f1o impermeable y su cabeza flexible de textura sedosa brindan una estimulaci\u00f3n intensa y c\u00f3moda tanto dentro como fuera del agua. Ideal para momentos de relajaci\u00f3n y autoexploraci\u00f3n con total libertad.<\/p>\n<ul>\n<li>7 funciones de vibraci\u00f3n.<\/li>\n<li>5 niveles de control de velocidad.<\/li>\n<li>Funci\u00f3n de memoria que guarda el \u00faltimo modo utilizado.<\/li>\n<li>100% impermeable, perfecta para uso en la ducha o la ba\u00f1era.<\/li>\n<li>Cabeza flexible de silicona suave y sedosa.<\/li>\n<li>Dise\u00f1o ergon\u00f3mico para un manejo c\u00f3modo.<\/li>\n<li>Material: Silicona segura para el cuerpo.<\/li>\n<li>Recargable por USB.<\/li>\n<li>F\u00e1cil de usar y limpiar.<\/li>\n<li>Ideal para estimulaci\u00f3n intensa y momentos de relajaci\u00f3n.<\/li>\n<\/ul>\n","protected":false},"excerpt":{"rendered":"<p>Precio Sugerido: S\/ 250.00 Varita masajeadora de silicona suave, especialmente dise\u00f1ada para disfrutar del placer en la ducha, la ba\u00f1era o el jacuzzi. Su dise\u00f1o impermeable y su cabeza flexible de textura sedosa brindan una estimulaci\u00f3n intensa y c\u00f3moda tanto dentro como fuera del agua. Ideal para momentos de relajaci\u00f3n y autoexploraci\u00f3n con total libertad. [&hellip;]<\/p>\n","protected":false},"featured_media":5327,"comment_status":"open","ping_status":"closed","template":"","meta":[],"product_brand":[],"product_cat":[199,186],"product_tag":[],"class_list":{"0":"post-4570","1":"product","2":"type-product","3":"status-publish","4":"has-post-thumbnail","6":"product_cat-vibrador-de-clitoris","7":"product_cat-vibradores","9":"first","10":"instock","11":"shipping-taxable","12":"purchasable","13":"product-type-simple"},"_links":{"self":[{"href":"https:\/\/toquemonos.com\/index.php\/wp-json\/wp\/v2\/product\/4570","targetHints":{"allow":["GET"]}}],"collection":[{"href":"https:\/\/toquemonos.com\/index.php\/wp-json\/wp\/v2\/product"}],"about":[{"href":"https:\/\/toquemonos.com\/index.php\/wp-json\/wp\/v2\/types\/product"}],"replies":[{"embeddable":true,"href":"https:\/\/toquemonos.com\/index.php\/wp-json\/wp\/v2\/comments?post=4570"}],"wp:featuredmedia":[{"embeddable":true,"href":"https:\/\/toquemonos.com\/index.php\/wp-json\/wp\/v2\/media\/5327"}],"wp:attachment":[{"href":"https:\/\/toquemonos.com\/index.php\/wp-json\/wp\/v2\/media?parent=4570"}],"wp:term":[{"taxonomy":"product_brand","embeddable":true,"href":"https:\/\/toquemonos.com\/index.php\/wp-json\/wp\/v2\/product_brand?post=4570"},{"taxonomy":"product_cat","embeddable":true,"href":"https:\/\/toquemonos.com\/index.php\/wp-json\/wp\/v2\/product_cat?post=4570"},{"taxonomy":"product_tag","embeddable":true,"href":"https:\/\/toquemonos.com\/index.php\/wp-json\/wp\/v2\/product_tag?post=4570"}],"curies":[{"name":"wp","href":"https:\/\/api.w.org\/{rel}","templated":true}]}}