{"id":4564,"date":"2026-05-06T00:36:39","date_gmt":"2026-05-06T00:36:39","guid":{"rendered":"http:\/\/toquemonos.com\/index.php\/product\/ron-vibrador-rabbit\/"},"modified":"2026-05-06T00:36:39","modified_gmt":"2026-05-06T00:36:39","slug":"ron-vibrador-rabbit","status":"publish","type":"product","link":"https:\/\/toquemonos.com\/index.php\/product\/ron-vibrador-rabbit\/","title":{"rendered":"RON &#8211; Vibrador rabbit"},"content":{"rendered":"<p><strong>Precio Sugerido: S\/ 300.00<\/strong><\/p>\n<p>Vibrador tipo rabbit recargable dise\u00f1ado para ofrecer una doble estimulaci\u00f3n intensa gracias a sus dos motores independientes. Su brazo estimulador se adapta perfectamente al cl\u00edtoris mientras que el cuerpo curvo alcanza el punto G, combinando potencia y precisi\u00f3n para una experiencia de placer profunda y envolvente. Incluye funci\u00f3n de memoria para iniciar siempre en tu modo favorito y un dise\u00f1o elegante que maximiza la comodidad y el control.<\/p>\n<ul>\n<li>12 funciones de vibraci\u00f3n.<\/li>\n<li>Funci\u00f3n de memoria que guarda el \u00faltimo modo utilizado.<\/li>\n<li>Doble motor para estimulaci\u00f3n simult\u00e1nea interna y externa.<\/li>\n<li>Dise\u00f1o tipo rabbit para mayor intensidad de placer.<\/li>\n<li>Forma curva ideal para estimular el punto G.<\/li>\n<li>Estimulaci\u00f3n directa al cl\u00edtoris con brazo firme y ergon\u00f3mico.<\/li>\n<li>Material: Silicona segura para el cuerpo.<\/li>\n<li>Recargable por USB.<\/li>\n<li>F\u00e1cil de usar y limpiar.<\/li>\n<li>Ideal para uso individual y para elevar la experiencia de placer.<\/li>\n<\/ul>\n","protected":false},"excerpt":{"rendered":"<p>Precio Sugerido: S\/ 300.00 Vibrador tipo rabbit recargable dise\u00f1ado para ofrecer una doble estimulaci\u00f3n intensa gracias a sus dos motores independientes. Su brazo estimulador se adapta perfectamente al cl\u00edtoris mientras que el cuerpo curvo alcanza el punto G, combinando potencia y precisi\u00f3n para una experiencia de placer profunda y envolvente. Incluye funci\u00f3n de memoria para [&hellip;]<\/p>\n","protected":false},"featured_media":5335,"comment_status":"open","ping_status":"closed","template":"","meta":[],"product_brand":[],"product_cat":[210,186],"product_tag":[],"class_list":{"0":"post-4564","1":"product","2":"type-product","3":"status-publish","4":"has-post-thumbnail","6":"product_cat-vibrador-rabbit","7":"product_cat-vibradores","9":"first","10":"instock","11":"shipping-taxable","12":"purchasable","13":"product-type-simple"},"_links":{"self":[{"href":"https:\/\/toquemonos.com\/index.php\/wp-json\/wp\/v2\/product\/4564","targetHints":{"allow":["GET"]}}],"collection":[{"href":"https:\/\/toquemonos.com\/index.php\/wp-json\/wp\/v2\/product"}],"about":[{"href":"https:\/\/toquemonos.com\/index.php\/wp-json\/wp\/v2\/types\/product"}],"replies":[{"embeddable":true,"href":"https:\/\/toquemonos.com\/index.php\/wp-json\/wp\/v2\/comments?post=4564"}],"wp:featuredmedia":[{"embeddable":true,"href":"https:\/\/toquemonos.com\/index.php\/wp-json\/wp\/v2\/media\/5335"}],"wp:attachment":[{"href":"https:\/\/toquemonos.com\/index.php\/wp-json\/wp\/v2\/media?parent=4564"}],"wp:term":[{"taxonomy":"product_brand","embeddable":true,"href":"https:\/\/toquemonos.com\/index.php\/wp-json\/wp\/v2\/product_brand?post=4564"},{"taxonomy":"product_cat","embeddable":true,"href":"https:\/\/toquemonos.com\/index.php\/wp-json\/wp\/v2\/product_cat?post=4564"},{"taxonomy":"product_tag","embeddable":true,"href":"https:\/\/toquemonos.com\/index.php\/wp-json\/wp\/v2\/product_tag?post=4564"}],"curies":[{"name":"wp","href":"https:\/\/api.w.org\/{rel}","templated":true}]}}