{"id":4560,"date":"2026-05-06T00:36:38","date_gmt":"2026-05-06T00:36:38","guid":{"rendered":"http:\/\/toquemonos.com\/index.php\/product\/catalina-vibrador-huevo\/"},"modified":"2026-05-06T00:36:38","modified_gmt":"2026-05-06T00:36:38","slug":"catalina-vibrador-huevo","status":"publish","type":"product","link":"https:\/\/toquemonos.com\/index.php\/product\/catalina-vibrador-huevo\/","title":{"rendered":"CATALINA &#8211; Vibrador huevo"},"content":{"rendered":"<p><strong>Precio Sugerido: S\/ 300.00<\/strong><\/p>\n<p>Huevo vibrador manos libres dise\u00f1ado para ofrecer placer intenso y control total desde tu smartphone o de manera manual. Cuenta con 12 potentes modos de vibraci\u00f3n que se adaptan perfectamente a tus zonas er\u00f3genas, brindando experiencias personalizadas y excitantes. Es recargable por USB y muy f\u00e1cil de limpiar despu\u00e9s de cada uso.<\/p>\n<ul>\n<li>12 funciones de vibraci\u00f3n.<\/li>\n<li>Control mediante App m\u00f3vil con funci\u00f3n de larga distancia.<\/li>\n<li>Puede usarse con o sin aplicaci\u00f3n.<\/li>\n<li>Dise\u00f1o manos libres para mayor comodidad.<\/li>\n<li>Ideal para juegos en pareja o uso individual.<\/li>\n<li>Material: Silicona segura para el cuerpo.<\/li>\n<li>Recargable por USB.<\/li>\n<li>F\u00e1cil de limpiar y mantener.<\/li>\n<li>Compacto y discreto.<\/li>\n<\/ul>\n","protected":false},"excerpt":{"rendered":"<p>Precio Sugerido: S\/ 300.00 Huevo vibrador manos libres dise\u00f1ado para ofrecer placer intenso y control total desde tu smartphone o de manera manual. Cuenta con 12 potentes modos de vibraci\u00f3n que se adaptan perfectamente a tus zonas er\u00f3genas, brindando experiencias personalizadas y excitantes. Es recargable por USB y muy f\u00e1cil de limpiar despu\u00e9s de cada [&hellip;]<\/p>\n","protected":false},"featured_media":5338,"comment_status":"open","ping_status":"closed","template":"","meta":[],"product_brand":[],"product_cat":[191,186],"product_tag":[],"class_list":{"0":"post-4560","1":"product","2":"type-product","3":"status-publish","4":"has-post-thumbnail","6":"product_cat-vibrador-huevo","7":"product_cat-vibradores","9":"first","10":"instock","11":"shipping-taxable","12":"purchasable","13":"product-type-simple"},"_links":{"self":[{"href":"https:\/\/toquemonos.com\/index.php\/wp-json\/wp\/v2\/product\/4560","targetHints":{"allow":["GET"]}}],"collection":[{"href":"https:\/\/toquemonos.com\/index.php\/wp-json\/wp\/v2\/product"}],"about":[{"href":"https:\/\/toquemonos.com\/index.php\/wp-json\/wp\/v2\/types\/product"}],"replies":[{"embeddable":true,"href":"https:\/\/toquemonos.com\/index.php\/wp-json\/wp\/v2\/comments?post=4560"}],"wp:featuredmedia":[{"embeddable":true,"href":"https:\/\/toquemonos.com\/index.php\/wp-json\/wp\/v2\/media\/5338"}],"wp:attachment":[{"href":"https:\/\/toquemonos.com\/index.php\/wp-json\/wp\/v2\/media?parent=4560"}],"wp:term":[{"taxonomy":"product_brand","embeddable":true,"href":"https:\/\/toquemonos.com\/index.php\/wp-json\/wp\/v2\/product_brand?post=4560"},{"taxonomy":"product_cat","embeddable":true,"href":"https:\/\/toquemonos.com\/index.php\/wp-json\/wp\/v2\/product_cat?post=4560"},{"taxonomy":"product_tag","embeddable":true,"href":"https:\/\/toquemonos.com\/index.php\/wp-json\/wp\/v2\/product_tag?post=4560"}],"curies":[{"name":"wp","href":"https:\/\/api.w.org\/{rel}","templated":true}]}}