{"id":4555,"date":"2026-05-06T00:36:37","date_gmt":"2026-05-06T00:36:37","guid":{"rendered":"http:\/\/toquemonos.com\/index.php\/product\/julius-red-vibrador-huevo\/"},"modified":"2026-05-06T00:36:37","modified_gmt":"2026-05-06T00:36:37","slug":"julius-red-vibrador-huevo","status":"publish","type":"product","link":"https:\/\/toquemonos.com\/index.php\/product\/julius-red-vibrador-huevo\/","title":{"rendered":"Julius RED &#8211; Vibrador huevo"},"content":{"rendered":"<p><strong>Precio Sugerido: S\/ 180.00<\/strong><\/p>\n<p>Huevo vibrador discreto y compacto, ideal para estimulaci\u00f3n precisa y juegos previos. Perfecto para usar durante el d\u00eda o para darle el control a tu pareja y disfrutar de sensaciones intensas en cualquier momento, gracias a su dise\u00f1o c\u00f3modo y su suave textura de silicona.<\/p>\n<ul>\n<li>12 funciones de vibraci\u00f3n.<\/li>\n<li>Dise\u00f1o tipo huevo para estimulaci\u00f3n puntual.<\/li>\n<li>Ideal para uso discreto y juegos en pareja.<\/li>\n<li>Textura s\u00faper suave y agradable al tacto.<\/li>\n<li>Material: Silicona segura para el cuerpo.<\/li>\n<li>Recargable por USB.<\/li>\n<li>F\u00e1cil de usar y limpiar.<\/li>\n<li>Tama\u00f1o compacto y port\u00e1til.<\/li>\n<li>Perfecto para estimulaci\u00f3n interna y externa.<\/li>\n<\/ul>\n","protected":false},"excerpt":{"rendered":"<p>Precio Sugerido: S\/ 180.00 Huevo vibrador discreto y compacto, ideal para estimulaci\u00f3n precisa y juegos previos. Perfecto para usar durante el d\u00eda o para darle el control a tu pareja y disfrutar de sensaciones intensas en cualquier momento, gracias a su dise\u00f1o c\u00f3modo y su suave textura de silicona. 12 funciones de vibraci\u00f3n. Dise\u00f1o tipo [&hellip;]<\/p>\n","protected":false},"featured_media":5343,"comment_status":"open","ping_status":"closed","template":"","meta":[],"product_brand":[],"product_cat":[191,186],"product_tag":[],"class_list":{"0":"post-4555","1":"product","2":"type-product","3":"status-publish","4":"has-post-thumbnail","6":"product_cat-vibrador-huevo","7":"product_cat-vibradores","9":"first","10":"instock","11":"shipping-taxable","12":"purchasable","13":"product-type-simple"},"_links":{"self":[{"href":"https:\/\/toquemonos.com\/index.php\/wp-json\/wp\/v2\/product\/4555","targetHints":{"allow":["GET"]}}],"collection":[{"href":"https:\/\/toquemonos.com\/index.php\/wp-json\/wp\/v2\/product"}],"about":[{"href":"https:\/\/toquemonos.com\/index.php\/wp-json\/wp\/v2\/types\/product"}],"replies":[{"embeddable":true,"href":"https:\/\/toquemonos.com\/index.php\/wp-json\/wp\/v2\/comments?post=4555"}],"wp:featuredmedia":[{"embeddable":true,"href":"https:\/\/toquemonos.com\/index.php\/wp-json\/wp\/v2\/media\/5343"}],"wp:attachment":[{"href":"https:\/\/toquemonos.com\/index.php\/wp-json\/wp\/v2\/media?parent=4555"}],"wp:term":[{"taxonomy":"product_brand","embeddable":true,"href":"https:\/\/toquemonos.com\/index.php\/wp-json\/wp\/v2\/product_brand?post=4555"},{"taxonomy":"product_cat","embeddable":true,"href":"https:\/\/toquemonos.com\/index.php\/wp-json\/wp\/v2\/product_cat?post=4555"},{"taxonomy":"product_tag","embeddable":true,"href":"https:\/\/toquemonos.com\/index.php\/wp-json\/wp\/v2\/product_tag?post=4555"}],"curies":[{"name":"wp","href":"https:\/\/api.w.org\/{rel}","templated":true}]}}