{"id":4554,"date":"2026-05-06T00:36:37","date_gmt":"2026-05-06T00:36:37","guid":{"rendered":"http:\/\/toquemonos.com\/index.php\/product\/tim-vibrador-rabbit\/"},"modified":"2026-05-06T00:36:37","modified_gmt":"2026-05-06T00:36:37","slug":"tim-vibrador-rabbit","status":"publish","type":"product","link":"https:\/\/toquemonos.com\/index.php\/product\/tim-vibrador-rabbit\/","title":{"rendered":"TIM &#8211; Vibrador rabbit"},"content":{"rendered":"<p><strong>Precio Sugerido: S\/ 180.00<\/strong><\/p>\n<p>Vibrador tipo conejo dise\u00f1ado para estimular el punto G con una textura suave y sedosa. Flexible, recargable y con funci\u00f3n de memoria, te permite disfrutar de m\u00faltiples sensaciones y encontrar f\u00e1cilmente tu modo favorito, ya sea para uso individual o en pareja.<\/p>\n<ul>\n<li>12 funciones de vibraci\u00f3n.<\/li>\n<li>Funci\u00f3n de memoria para guardar tu \u00faltimo modo usado.<\/li>\n<li>Dise\u00f1o tipo rabbit para estimulaci\u00f3n interna y del cl\u00edtoris.<\/li>\n<li>Material suave y realista al tacto.<\/li>\n<li>Flexible para mayor comodidad y adaptaci\u00f3n.<\/li>\n<li>Material: Silicona segura para el cuerpo.<\/li>\n<li>Recargable por USB.<\/li>\n<li>F\u00e1cil de usar y limpiar.<\/li>\n<li>Ideal para uso individual o en pareja.<\/li>\n<\/ul>\n","protected":false},"excerpt":{"rendered":"<p>Precio Sugerido: S\/ 180.00 Vibrador tipo conejo dise\u00f1ado para estimular el punto G con una textura suave y sedosa. Flexible, recargable y con funci\u00f3n de memoria, te permite disfrutar de m\u00faltiples sensaciones y encontrar f\u00e1cilmente tu modo favorito, ya sea para uso individual o en pareja. 12 funciones de vibraci\u00f3n. Funci\u00f3n de memoria para guardar [&hellip;]<\/p>\n","protected":false},"featured_media":5342,"comment_status":"open","ping_status":"closed","template":"","meta":[],"product_brand":[],"product_cat":[210,186],"product_tag":[],"class_list":{"0":"post-4554","1":"product","2":"type-product","3":"status-publish","4":"has-post-thumbnail","6":"product_cat-vibrador-rabbit","7":"product_cat-vibradores","9":"first","10":"instock","11":"shipping-taxable","12":"purchasable","13":"product-type-simple"},"_links":{"self":[{"href":"https:\/\/toquemonos.com\/index.php\/wp-json\/wp\/v2\/product\/4554","targetHints":{"allow":["GET"]}}],"collection":[{"href":"https:\/\/toquemonos.com\/index.php\/wp-json\/wp\/v2\/product"}],"about":[{"href":"https:\/\/toquemonos.com\/index.php\/wp-json\/wp\/v2\/types\/product"}],"replies":[{"embeddable":true,"href":"https:\/\/toquemonos.com\/index.php\/wp-json\/wp\/v2\/comments?post=4554"}],"wp:featuredmedia":[{"embeddable":true,"href":"https:\/\/toquemonos.com\/index.php\/wp-json\/wp\/v2\/media\/5342"}],"wp:attachment":[{"href":"https:\/\/toquemonos.com\/index.php\/wp-json\/wp\/v2\/media?parent=4554"}],"wp:term":[{"taxonomy":"product_brand","embeddable":true,"href":"https:\/\/toquemonos.com\/index.php\/wp-json\/wp\/v2\/product_brand?post=4554"},{"taxonomy":"product_cat","embeddable":true,"href":"https:\/\/toquemonos.com\/index.php\/wp-json\/wp\/v2\/product_cat?post=4554"},{"taxonomy":"product_tag","embeddable":true,"href":"https:\/\/toquemonos.com\/index.php\/wp-json\/wp\/v2\/product_tag?post=4554"}],"curies":[{"name":"wp","href":"https:\/\/api.w.org\/{rel}","templated":true}]}}