{"id":4546,"date":"2026-05-06T00:36:36","date_gmt":"2026-05-06T00:36:36","guid":{"rendered":"http:\/\/toquemonos.com\/index.php\/product\/randolph-vibrador-bala\/"},"modified":"2026-05-06T00:36:36","modified_gmt":"2026-05-06T00:36:36","slug":"randolph-vibrador-bala","status":"publish","type":"product","link":"https:\/\/toquemonos.com\/index.php\/product\/randolph-vibrador-bala\/","title":{"rendered":"RANDOLPH &#8211; Vibrador bala"},"content":{"rendered":"<p><strong>Precio Sugerido: S\/ 120.00<\/strong><\/p>\n<p>Vibrador dise\u00f1ado para ofrecer una estimulaci\u00f3n intensa gracias a la combinaci\u00f3n de vibraciones potentes y una forma ergon\u00f3mica que se adapta perfectamente al cuerpo. Fabricado en silicona de alta calidad con base de pl\u00e1stico pulido, brinda una experiencia suave, sofisticada y altamente placentera.<\/p>\n<ul>\n<li>12 funciones de vibraci\u00f3n.<\/li>\n<li>Funci\u00f3n de memoria que guarda la \u00faltima configuraci\u00f3n utilizada.<\/li>\n<li>Dise\u00f1o ergon\u00f3mico para una estimulaci\u00f3n precisa y c\u00f3moda.<\/li>\n<li>Vibraciones intensas para sensaciones profundas y placenteras.<\/li>\n<li>Textura suave y agradable al tacto.<\/li>\n<li>F\u00e1cil de usar y de manipular.<\/li>\n<li>Ideal para estimulaci\u00f3n de zonas er\u00f3genas.<\/li>\n<li>Material: Silicona segura para el cuerpo con base de pl\u00e1stico resistente.<\/li>\n<li>Funciona con 1 pila AA.<\/li>\n<\/ul>\n","protected":false},"excerpt":{"rendered":"<p>Precio Sugerido: S\/ 120.00 Vibrador dise\u00f1ado para ofrecer una estimulaci\u00f3n intensa gracias a la combinaci\u00f3n de vibraciones potentes y una forma ergon\u00f3mica que se adapta perfectamente al cuerpo. Fabricado en silicona de alta calidad con base de pl\u00e1stico pulido, brinda una experiencia suave, sofisticada y altamente placentera. 12 funciones de vibraci\u00f3n. Funci\u00f3n de memoria que [&hellip;]<\/p>\n","protected":false},"featured_media":5347,"comment_status":"open","ping_status":"closed","template":"","meta":[],"product_brand":[],"product_cat":[212,186],"product_tag":[],"class_list":{"0":"post-4546","1":"product","2":"type-product","3":"status-publish","4":"has-post-thumbnail","6":"product_cat-vibrador-bala","7":"product_cat-vibradores","9":"first","10":"instock","11":"shipping-taxable","12":"purchasable","13":"product-type-simple"},"_links":{"self":[{"href":"https:\/\/toquemonos.com\/index.php\/wp-json\/wp\/v2\/product\/4546","targetHints":{"allow":["GET"]}}],"collection":[{"href":"https:\/\/toquemonos.com\/index.php\/wp-json\/wp\/v2\/product"}],"about":[{"href":"https:\/\/toquemonos.com\/index.php\/wp-json\/wp\/v2\/types\/product"}],"replies":[{"embeddable":true,"href":"https:\/\/toquemonos.com\/index.php\/wp-json\/wp\/v2\/comments?post=4546"}],"wp:featuredmedia":[{"embeddable":true,"href":"https:\/\/toquemonos.com\/index.php\/wp-json\/wp\/v2\/media\/5347"}],"wp:attachment":[{"href":"https:\/\/toquemonos.com\/index.php\/wp-json\/wp\/v2\/media?parent=4546"}],"wp:term":[{"taxonomy":"product_brand","embeddable":true,"href":"https:\/\/toquemonos.com\/index.php\/wp-json\/wp\/v2\/product_brand?post=4546"},{"taxonomy":"product_cat","embeddable":true,"href":"https:\/\/toquemonos.com\/index.php\/wp-json\/wp\/v2\/product_cat?post=4546"},{"taxonomy":"product_tag","embeddable":true,"href":"https:\/\/toquemonos.com\/index.php\/wp-json\/wp\/v2\/product_tag?post=4546"}],"curies":[{"name":"wp","href":"https:\/\/api.w.org\/{rel}","templated":true}]}}