{"id":4544,"date":"2026-05-06T00:36:35","date_gmt":"2026-05-06T00:36:35","guid":{"rendered":"http:\/\/toquemonos.com\/index.php\/product\/doreen-vibrador-huevo-2\/"},"modified":"2026-05-06T00:36:35","modified_gmt":"2026-05-06T00:36:35","slug":"doreen-vibrador-huevo-2","status":"publish","type":"product","link":"https:\/\/toquemonos.com\/index.php\/product\/doreen-vibrador-huevo-2\/","title":{"rendered":"DOREEN &#8211; Vibrador huevo"},"content":{"rendered":"<p><strong>Precio Sugerido: S\/ 300.00<\/strong><\/p>\n<p>Huevo vibrador recargable, vers\u00e1til y f\u00e1cil de usar, ideal tanto para el juego individual como en pareja. Su tama\u00f1o c\u00f3modo permite sostenerlo con facilidad y su cord\u00f3n flexible lo hace apto para estimulaci\u00f3n externa o para uso interno. Adem\u00e1s, puede controlarse desde el tel\u00e9fono m\u00f3vil, abriendo un mundo de posibilidades para experiencias m\u00e1s din\u00e1micas y divertidas.<\/p>\n<ul>\n<li>12 funciones de vibraci\u00f3n.<\/li>\n<li>3 funciones de impulsos el\u00e9ctricos para sensaciones m\u00e1s intensas.<\/li>\n<li>Control mediante aplicaci\u00f3n m\u00f3vil con opci\u00f3n de control a larga distancia.<\/li>\n<li>Dise\u00f1o compacto y ergon\u00f3mico, ideal para uso individual o en pareja.<\/li>\n<li>Apto para estimulaci\u00f3n externa e interna.<\/li>\n<li>Cord\u00f3n flexible que facilita la extracci\u00f3n segura.<\/li>\n<li>Permite crear patrones personalizados desde la app.<\/li>\n<li>Recomendado como juguete inicial por su facilidad de uso y variedad de funciones.<\/li>\n<li>Material: Silicona suave y segura para el cuerpo.<\/li>\n<li>Recargable por USB.<\/li>\n<\/ul>\n","protected":false},"excerpt":{"rendered":"<p>Precio Sugerido: S\/ 300.00 Huevo vibrador recargable, vers\u00e1til y f\u00e1cil de usar, ideal tanto para el juego individual como en pareja. Su tama\u00f1o c\u00f3modo permite sostenerlo con facilidad y su cord\u00f3n flexible lo hace apto para estimulaci\u00f3n externa o para uso interno. Adem\u00e1s, puede controlarse desde el tel\u00e9fono m\u00f3vil, abriendo un mundo de posibilidades para [&hellip;]<\/p>\n","protected":false},"featured_media":5358,"comment_status":"open","ping_status":"closed","template":"","meta":[],"product_brand":[],"product_cat":[191,186],"product_tag":[],"class_list":{"0":"post-4544","1":"product","2":"type-product","3":"status-publish","4":"has-post-thumbnail","6":"product_cat-vibrador-huevo","7":"product_cat-vibradores","9":"first","10":"instock","11":"shipping-taxable","12":"purchasable","13":"product-type-simple"},"_links":{"self":[{"href":"https:\/\/toquemonos.com\/index.php\/wp-json\/wp\/v2\/product\/4544","targetHints":{"allow":["GET"]}}],"collection":[{"href":"https:\/\/toquemonos.com\/index.php\/wp-json\/wp\/v2\/product"}],"about":[{"href":"https:\/\/toquemonos.com\/index.php\/wp-json\/wp\/v2\/types\/product"}],"replies":[{"embeddable":true,"href":"https:\/\/toquemonos.com\/index.php\/wp-json\/wp\/v2\/comments?post=4544"}],"wp:featuredmedia":[{"embeddable":true,"href":"https:\/\/toquemonos.com\/index.php\/wp-json\/wp\/v2\/media\/5358"}],"wp:attachment":[{"href":"https:\/\/toquemonos.com\/index.php\/wp-json\/wp\/v2\/media?parent=4544"}],"wp:term":[{"taxonomy":"product_brand","embeddable":true,"href":"https:\/\/toquemonos.com\/index.php\/wp-json\/wp\/v2\/product_brand?post=4544"},{"taxonomy":"product_cat","embeddable":true,"href":"https:\/\/toquemonos.com\/index.php\/wp-json\/wp\/v2\/product_cat?post=4544"},{"taxonomy":"product_tag","embeddable":true,"href":"https:\/\/toquemonos.com\/index.php\/wp-json\/wp\/v2\/product_tag?post=4544"}],"curies":[{"name":"wp","href":"https:\/\/api.w.org\/{rel}","templated":true}]}}