{"id":4543,"date":"2026-05-06T00:36:35","date_gmt":"2026-05-06T00:36:35","guid":{"rendered":"http:\/\/toquemonos.com\/index.php\/product\/ralap-succionadores\/"},"modified":"2026-05-06T00:36:35","modified_gmt":"2026-05-06T00:36:35","slug":"ralap-succionadores","status":"publish","type":"product","link":"https:\/\/toquemonos.com\/index.php\/product\/ralap-succionadores\/","title":{"rendered":"RALAP &#8211; Succionadores"},"content":{"rendered":"<p><strong>Precio Sugerido: S\/ 200.00<\/strong><\/p>\n<p>Estimulador de doble acci\u00f3n por succi\u00f3n y vibraci\u00f3n, dise\u00f1ado para ofrecer una experiencia intensa y completa. Su boquilla envuelve suavemente la zona sensible para brindar succi\u00f3n placentera, mientras que las orejas estimuladoras aportan vibraciones directas para una estimulaci\u00f3n simult\u00e1nea y envolvente. Incluye funci\u00f3n de autolimpieza que facilita su mantenimiento y uso higi\u00e9nico.<\/p>\n<ul>\n<li>7 funciones de vibraci\u00f3n.<\/li>\n<li>7 funciones de succi\u00f3n.<\/li>\n<li>Funci\u00f3n de memoria que guarda la \u00faltima configuraci\u00f3n utilizada.<\/li>\n<li>Doble estimulaci\u00f3n: succi\u00f3n y vibraci\u00f3n al mismo tiempo.<\/li>\n<li>Funci\u00f3n de autolimpieza para mayor higiene y comodidad.<\/li>\n<li>Dise\u00f1o ergon\u00f3mico que se adapta perfectamente al cuerpo.<\/li>\n<li>Boquilla suave para una estimulaci\u00f3n precisa y c\u00f3moda.<\/li>\n<li>Ideal para experiencias intensas y personalizadas.<\/li>\n<li>Material: Silicona segura para el cuerpo.<\/li>\n<li>Recargable por USB, incluye cargador port\u00e1til para uso pr\u00e1ctico en cualquier lugar.<\/li>\n<\/ul>\n","protected":false},"excerpt":{"rendered":"<p>Precio Sugerido: S\/ 200.00 Estimulador de doble acci\u00f3n por succi\u00f3n y vibraci\u00f3n, dise\u00f1ado para ofrecer una experiencia intensa y completa. Su boquilla envuelve suavemente la zona sensible para brindar succi\u00f3n placentera, mientras que las orejas estimuladoras aportan vibraciones directas para una estimulaci\u00f3n simult\u00e1nea y envolvente. Incluye funci\u00f3n de autolimpieza que facilita su mantenimiento y uso [&hellip;]<\/p>\n","protected":false},"featured_media":5357,"comment_status":"open","ping_status":"closed","template":"","meta":[],"product_brand":[],"product_cat":[215],"product_tag":[],"class_list":{"0":"post-4543","1":"product","2":"type-product","3":"status-publish","4":"has-post-thumbnail","6":"product_cat-succionadores","8":"first","9":"instock","10":"shipping-taxable","11":"purchasable","12":"product-type-simple"},"_links":{"self":[{"href":"https:\/\/toquemonos.com\/index.php\/wp-json\/wp\/v2\/product\/4543","targetHints":{"allow":["GET"]}}],"collection":[{"href":"https:\/\/toquemonos.com\/index.php\/wp-json\/wp\/v2\/product"}],"about":[{"href":"https:\/\/toquemonos.com\/index.php\/wp-json\/wp\/v2\/types\/product"}],"replies":[{"embeddable":true,"href":"https:\/\/toquemonos.com\/index.php\/wp-json\/wp\/v2\/comments?post=4543"}],"wp:featuredmedia":[{"embeddable":true,"href":"https:\/\/toquemonos.com\/index.php\/wp-json\/wp\/v2\/media\/5357"}],"wp:attachment":[{"href":"https:\/\/toquemonos.com\/index.php\/wp-json\/wp\/v2\/media?parent=4543"}],"wp:term":[{"taxonomy":"product_brand","embeddable":true,"href":"https:\/\/toquemonos.com\/index.php\/wp-json\/wp\/v2\/product_brand?post=4543"},{"taxonomy":"product_cat","embeddable":true,"href":"https:\/\/toquemonos.com\/index.php\/wp-json\/wp\/v2\/product_cat?post=4543"},{"taxonomy":"product_tag","embeddable":true,"href":"https:\/\/toquemonos.com\/index.php\/wp-json\/wp\/v2\/product_tag?post=4543"}],"curies":[{"name":"wp","href":"https:\/\/api.w.org\/{rel}","templated":true}]}}