{"id":4540,"date":"2026-05-06T00:36:35","date_gmt":"2026-05-06T00:36:35","guid":{"rendered":"http:\/\/toquemonos.com\/index.php\/product\/nathan-black-vibrador-u-pareja\/"},"modified":"2026-05-06T00:36:35","modified_gmt":"2026-05-06T00:36:35","slug":"nathan-black-vibrador-u-pareja","status":"publish","type":"product","link":"https:\/\/toquemonos.com\/index.php\/product\/nathan-black-vibrador-u-pareja\/","title":{"rendered":"Nathan Black &#8211; Vibrador U pareja"},"content":{"rendered":"<p><strong>Precio Sugerido: S\/ 300.00<\/strong><\/p>\n<p>Vibrador de silicona dise\u00f1ado para ser usado tanto de manera individual como en pareja, proporcionando estimulaci\u00f3n interna y externa al mismo tiempo. Su forma ergon\u00f3mica permite llevarlo durante la penetraci\u00f3n, intensificando el placer para ambos. Incluye control remoto inal\u00e1mbrico con medidor digital para manejar f\u00e1cilmente las vibraciones y personalizar cada experiencia.<\/p>\n<ul>\n<li>10 funciones de vibraci\u00f3n.<\/li>\n<li>9 niveles de velocidad ajustables.<\/li>\n<li>Incluye control remoto inal\u00e1mbrico con medidor digital.<\/li>\n<li>Dise\u00f1ado para estimulaci\u00f3n interna y externa simult\u00e1nea.<\/li>\n<li>Ideal para uso en pareja durante la penetraci\u00f3n.<\/li>\n<li>Tambi\u00e9n apto para uso individual.<\/li>\n<li>Dise\u00f1o ergon\u00f3mico que se adapta c\u00f3modamente al cuerpo.<\/li>\n<li>Material: Silicona suave y segura para el cuerpo.<\/li>\n<li>Recargable por USB.<\/li>\n<\/ul>\n","protected":false},"excerpt":{"rendered":"<p>Precio Sugerido: S\/ 300.00 Vibrador de silicona dise\u00f1ado para ser usado tanto de manera individual como en pareja, proporcionando estimulaci\u00f3n interna y externa al mismo tiempo. Su forma ergon\u00f3mica permite llevarlo durante la penetraci\u00f3n, intensificando el placer para ambos. Incluye control remoto inal\u00e1mbrico con medidor digital para manejar f\u00e1cilmente las vibraciones y personalizar cada experiencia. [&hellip;]<\/p>\n","protected":false},"featured_media":5354,"comment_status":"open","ping_status":"closed","template":"","meta":[],"product_brand":[],"product_cat":[214,186],"product_tag":[],"class_list":{"0":"post-4540","1":"product","2":"type-product","3":"status-publish","4":"has-post-thumbnail","6":"product_cat-vibrador-u-pareja","7":"product_cat-vibradores","9":"first","10":"instock","11":"shipping-taxable","12":"purchasable","13":"product-type-simple"},"_links":{"self":[{"href":"https:\/\/toquemonos.com\/index.php\/wp-json\/wp\/v2\/product\/4540","targetHints":{"allow":["GET"]}}],"collection":[{"href":"https:\/\/toquemonos.com\/index.php\/wp-json\/wp\/v2\/product"}],"about":[{"href":"https:\/\/toquemonos.com\/index.php\/wp-json\/wp\/v2\/types\/product"}],"replies":[{"embeddable":true,"href":"https:\/\/toquemonos.com\/index.php\/wp-json\/wp\/v2\/comments?post=4540"}],"wp:featuredmedia":[{"embeddable":true,"href":"https:\/\/toquemonos.com\/index.php\/wp-json\/wp\/v2\/media\/5354"}],"wp:attachment":[{"href":"https:\/\/toquemonos.com\/index.php\/wp-json\/wp\/v2\/media?parent=4540"}],"wp:term":[{"taxonomy":"product_brand","embeddable":true,"href":"https:\/\/toquemonos.com\/index.php\/wp-json\/wp\/v2\/product_brand?post=4540"},{"taxonomy":"product_cat","embeddable":true,"href":"https:\/\/toquemonos.com\/index.php\/wp-json\/wp\/v2\/product_cat?post=4540"},{"taxonomy":"product_tag","embeddable":true,"href":"https:\/\/toquemonos.com\/index.php\/wp-json\/wp\/v2\/product_tag?post=4540"}],"curies":[{"name":"wp","href":"https:\/\/api.w.org\/{rel}","templated":true}]}}