{"id":4537,"date":"2026-05-06T00:36:34","date_gmt":"2026-05-06T00:36:34","guid":{"rendered":"http:\/\/toquemonos.com\/index.php\/product\/quentin-succionadores\/"},"modified":"2026-05-06T00:36:34","modified_gmt":"2026-05-06T00:36:34","slug":"quentin-succionadores","status":"publish","type":"product","link":"https:\/\/toquemonos.com\/index.php\/product\/quentin-succionadores\/","title":{"rendered":"QUENTIN &#8211; Succionadores"},"content":{"rendered":"<p><strong>Precio Sugerido: S\/ 110.00<\/strong><\/p>\n<p>Estimulador por succi\u00f3n dise\u00f1ado para brindar sensaciones intensas y personalizadas. Cuenta con una boquilla suave que se adapta c\u00f3modamente al cl\u00edtoris, proporcionando una estimulaci\u00f3n envolvente y placentera. Su funcionamiento silencioso y su dise\u00f1o ergon\u00f3mico lo convierten en una opci\u00f3n ideal para disfrutar de momentos de placer con total discreci\u00f3n.<\/p>\n<ul>\n<li>12 funciones de succi\u00f3n.<\/li>\n<li>Funci\u00f3n de memoria que guarda la \u00faltima configuraci\u00f3n utilizada.<\/li>\n<li>Boquilla suave que se adapta a la anatom\u00eda para mayor comodidad.<\/li>\n<li>Estimulaci\u00f3n precisa y envolvente del cl\u00edtoris.<\/li>\n<li>Funcionamiento silencioso para una experiencia discreta.<\/li>\n<li>Dise\u00f1o compacto y f\u00e1cil de manejar.<\/li>\n<li>Material: Silicona de grado m\u00e9dico, segura para el cuerpo.<\/li>\n<li>Recargable por USB.<\/li>\n<\/ul>\n","protected":false},"excerpt":{"rendered":"<p>Precio Sugerido: S\/ 110.00 Estimulador por succi\u00f3n dise\u00f1ado para brindar sensaciones intensas y personalizadas. Cuenta con una boquilla suave que se adapta c\u00f3modamente al cl\u00edtoris, proporcionando una estimulaci\u00f3n envolvente y placentera. Su funcionamiento silencioso y su dise\u00f1o ergon\u00f3mico lo convierten en una opci\u00f3n ideal para disfrutar de momentos de placer con total discreci\u00f3n. 12 funciones [&hellip;]<\/p>\n","protected":false},"featured_media":5361,"comment_status":"open","ping_status":"closed","template":"","meta":[],"product_brand":[],"product_cat":[215],"product_tag":[],"class_list":{"0":"post-4537","1":"product","2":"type-product","3":"status-publish","4":"has-post-thumbnail","6":"product_cat-succionadores","8":"first","9":"instock","10":"shipping-taxable","11":"purchasable","12":"product-type-simple"},"_links":{"self":[{"href":"https:\/\/toquemonos.com\/index.php\/wp-json\/wp\/v2\/product\/4537","targetHints":{"allow":["GET"]}}],"collection":[{"href":"https:\/\/toquemonos.com\/index.php\/wp-json\/wp\/v2\/product"}],"about":[{"href":"https:\/\/toquemonos.com\/index.php\/wp-json\/wp\/v2\/types\/product"}],"replies":[{"embeddable":true,"href":"https:\/\/toquemonos.com\/index.php\/wp-json\/wp\/v2\/comments?post=4537"}],"wp:featuredmedia":[{"embeddable":true,"href":"https:\/\/toquemonos.com\/index.php\/wp-json\/wp\/v2\/media\/5361"}],"wp:attachment":[{"href":"https:\/\/toquemonos.com\/index.php\/wp-json\/wp\/v2\/media?parent=4537"}],"wp:term":[{"taxonomy":"product_brand","embeddable":true,"href":"https:\/\/toquemonos.com\/index.php\/wp-json\/wp\/v2\/product_brand?post=4537"},{"taxonomy":"product_cat","embeddable":true,"href":"https:\/\/toquemonos.com\/index.php\/wp-json\/wp\/v2\/product_cat?post=4537"},{"taxonomy":"product_tag","embeddable":true,"href":"https:\/\/toquemonos.com\/index.php\/wp-json\/wp\/v2\/product_tag?post=4537"}],"curies":[{"name":"wp","href":"https:\/\/api.w.org\/{rel}","templated":true}]}}