{"id":4531,"date":"2026-05-06T00:36:34","date_gmt":"2026-05-06T00:36:34","guid":{"rendered":"http:\/\/toquemonos.com\/index.php\/product\/ford-succionadores\/"},"modified":"2026-05-06T00:36:34","modified_gmt":"2026-05-06T00:36:34","slug":"ford-succionadores","status":"publish","type":"product","link":"https:\/\/toquemonos.com\/index.php\/product\/ford-succionadores\/","title":{"rendered":"FORD &#8211; Succionadores"},"content":{"rendered":"<p><strong>Precio Sugerido: S\/ 110.00<\/strong><\/p>\n<p>Estimulador por succi\u00f3n galardonado con el IF Design Award 2018, dise\u00f1ado para brindar una experiencia intensa y precisa en la estimulaci\u00f3n del cl\u00edtoris. Su suave boquilla envuelve delicadamente la zona, creando sensaciones profundas y placenteras gracias a sus m\u00faltiples modos de succi\u00f3n.<\/p>\n<ul>\n<li>12 funciones de succi\u00f3n.<\/li>\n<li>Funci\u00f3n de memoria que guarda la \u00faltima configuraci\u00f3n utilizada.<\/li>\n<li>Dise\u00f1ado espec\u00edficamente para la estimulaci\u00f3n del cl\u00edtoris.<\/li>\n<li>Boquilla suave que se adapta c\u00f3modamente a la anatom\u00eda.<\/li>\n<li>Proporciona sensaciones intensas y personalizables.<\/li>\n<li>Material: Silicona de grado m\u00e9dico, segura para el cuerpo.<\/li>\n<li>Recargable por USB.<\/li>\n<\/ul>\n","protected":false},"excerpt":{"rendered":"<p>Precio Sugerido: S\/ 110.00 Estimulador por succi\u00f3n galardonado con el IF Design Award 2018, dise\u00f1ado para brindar una experiencia intensa y precisa en la estimulaci\u00f3n del cl\u00edtoris. Su suave boquilla envuelve delicadamente la zona, creando sensaciones profundas y placenteras gracias a sus m\u00faltiples modos de succi\u00f3n. 12 funciones de succi\u00f3n. Funci\u00f3n de memoria que guarda [&hellip;]<\/p>\n","protected":false},"featured_media":5363,"comment_status":"open","ping_status":"closed","template":"","meta":[],"product_brand":[],"product_cat":[215],"product_tag":[],"class_list":{"0":"post-4531","1":"product","2":"type-product","3":"status-publish","4":"has-post-thumbnail","6":"product_cat-succionadores","8":"first","9":"instock","10":"shipping-taxable","11":"purchasable","12":"product-type-simple"},"_links":{"self":[{"href":"https:\/\/toquemonos.com\/index.php\/wp-json\/wp\/v2\/product\/4531","targetHints":{"allow":["GET"]}}],"collection":[{"href":"https:\/\/toquemonos.com\/index.php\/wp-json\/wp\/v2\/product"}],"about":[{"href":"https:\/\/toquemonos.com\/index.php\/wp-json\/wp\/v2\/types\/product"}],"replies":[{"embeddable":true,"href":"https:\/\/toquemonos.com\/index.php\/wp-json\/wp\/v2\/comments?post=4531"}],"wp:featuredmedia":[{"embeddable":true,"href":"https:\/\/toquemonos.com\/index.php\/wp-json\/wp\/v2\/media\/5363"}],"wp:attachment":[{"href":"https:\/\/toquemonos.com\/index.php\/wp-json\/wp\/v2\/media?parent=4531"}],"wp:term":[{"taxonomy":"product_brand","embeddable":true,"href":"https:\/\/toquemonos.com\/index.php\/wp-json\/wp\/v2\/product_brand?post=4531"},{"taxonomy":"product_cat","embeddable":true,"href":"https:\/\/toquemonos.com\/index.php\/wp-json\/wp\/v2\/product_cat?post=4531"},{"taxonomy":"product_tag","embeddable":true,"href":"https:\/\/toquemonos.com\/index.php\/wp-json\/wp\/v2\/product_tag?post=4531"}],"curies":[{"name":"wp","href":"https:\/\/api.w.org\/{rel}","templated":true}]}}