{"id":4521,"date":"2026-05-06T00:36:32","date_gmt":"2026-05-06T00:36:32","guid":{"rendered":"http:\/\/toquemonos.com\/index.php\/product\/mini-massager-gold-vibrador-bala\/"},"modified":"2026-05-06T00:36:32","modified_gmt":"2026-05-06T00:36:32","slug":"mini-massager-gold-vibrador-bala","status":"publish","type":"product","link":"https:\/\/toquemonos.com\/index.php\/product\/mini-massager-gold-vibrador-bala\/","title":{"rendered":"Mini Massager Gold &#8211; Vibrador bala"},"content":{"rendered":"<p><strong>Precio Sugerido: S\/ 150.00<\/strong><\/p>\n<p>Huevo vibrador recargable con 12 funciones de vibraci\u00f3n, dise\u00f1ado para ofrecer una estimulaci\u00f3n intensa y precisa en tus zonas m\u00e1s sensibles. Su punta permite un contacto directo para una experiencia placentera, ideal para explorar diferentes tipos de sensaciones y disfrutar en cualquier momento.<\/p>\n<ul>\n<li>12 funciones de vibraci\u00f3n.<\/li>\n<li>Dise\u00f1o compacto y ergon\u00f3mico para una estimulaci\u00f3n focalizada.<\/li>\n<li>Ideal para estimulaci\u00f3n clitoriana, vaginal y de otras zonas er\u00f3genas.<\/li>\n<li>F\u00e1cil de usar y c\u00f3modo de sostener.<\/li>\n<li>Proporciona sensaciones intensas y personalizables.<\/li>\n<li>Material: Aleaci\u00f3n de zinc, resistente y duradera.<\/li>\n<li>Recargable por USB.<\/li>\n<\/ul>\n","protected":false},"excerpt":{"rendered":"<p>Precio Sugerido: S\/ 150.00 Huevo vibrador recargable con 12 funciones de vibraci\u00f3n, dise\u00f1ado para ofrecer una estimulaci\u00f3n intensa y precisa en tus zonas m\u00e1s sensibles. Su punta permite un contacto directo para una experiencia placentera, ideal para explorar diferentes tipos de sensaciones y disfrutar en cualquier momento. 12 funciones de vibraci\u00f3n. Dise\u00f1o compacto y ergon\u00f3mico [&hellip;]<\/p>\n","protected":false},"featured_media":5374,"comment_status":"open","ping_status":"closed","template":"","meta":[],"product_brand":[],"product_cat":[212,186],"product_tag":[],"class_list":{"0":"post-4521","1":"product","2":"type-product","3":"status-publish","4":"has-post-thumbnail","6":"product_cat-vibrador-bala","7":"product_cat-vibradores","9":"first","10":"instock","11":"shipping-taxable","12":"purchasable","13":"product-type-simple"},"_links":{"self":[{"href":"https:\/\/toquemonos.com\/index.php\/wp-json\/wp\/v2\/product\/4521","targetHints":{"allow":["GET"]}}],"collection":[{"href":"https:\/\/toquemonos.com\/index.php\/wp-json\/wp\/v2\/product"}],"about":[{"href":"https:\/\/toquemonos.com\/index.php\/wp-json\/wp\/v2\/types\/product"}],"replies":[{"embeddable":true,"href":"https:\/\/toquemonos.com\/index.php\/wp-json\/wp\/v2\/comments?post=4521"}],"wp:featuredmedia":[{"embeddable":true,"href":"https:\/\/toquemonos.com\/index.php\/wp-json\/wp\/v2\/media\/5374"}],"wp:attachment":[{"href":"https:\/\/toquemonos.com\/index.php\/wp-json\/wp\/v2\/media?parent=4521"}],"wp:term":[{"taxonomy":"product_brand","embeddable":true,"href":"https:\/\/toquemonos.com\/index.php\/wp-json\/wp\/v2\/product_brand?post=4521"},{"taxonomy":"product_cat","embeddable":true,"href":"https:\/\/toquemonos.com\/index.php\/wp-json\/wp\/v2\/product_cat?post=4521"},{"taxonomy":"product_tag","embeddable":true,"href":"https:\/\/toquemonos.com\/index.php\/wp-json\/wp\/v2\/product_tag?post=4521"}],"curies":[{"name":"wp","href":"https:\/\/api.w.org\/{rel}","templated":true}]}}