{"id":4512,"date":"2026-05-06T00:36:30","date_gmt":"2026-05-06T00:36:30","guid":{"rendered":"http:\/\/toquemonos.com\/index.php\/product\/fairy-boat-ii-vibrador-de-clitoris\/"},"modified":"2026-05-06T00:36:30","modified_gmt":"2026-05-06T00:36:30","slug":"fairy-boat-ii-vibrador-de-clitoris","status":"publish","type":"product","link":"https:\/\/toquemonos.com\/index.php\/product\/fairy-boat-ii-vibrador-de-clitoris\/","title":{"rendered":"FAIRY BOAT II &#8211; Vibrador de cl\u00edtoris"},"content":{"rendered":"<p><strong>Precio Sugerido: S\/ 200.00<\/strong><\/p>\n<p>Vibrador clitorial de lujo dise\u00f1ado para brindar placer discreto, c\u00f3modo y altamente estimulante. Su forma ergon\u00f3mica permite que se adapte perfectamente entre las piernas, mientras que su punta estilizada ofrece una estimulaci\u00f3n suave y precisa sobre las zonas m\u00e1s sensibles. Ideal para llevarlo puesto con la ropa interior y disfrutar de sensaciones intensas controladas de forma remota.<\/p>\n<ul>\n<li>12 funciones de vibraci\u00f3n con distintas intensidades y patrones.<\/li>\n<li>Control inal\u00e1mbrico para una experiencia m\u00e1s c\u00f3moda y divertida.<\/li>\n<li>Dise\u00f1o ergon\u00f3mico que se ajusta perfectamente al cuerpo.<\/li>\n<li>Vibraci\u00f3n silenciosa y discreta.<\/li>\n<li>Ideal para usar debajo de la ropa interior durante el d\u00eda.<\/li>\n<li>Incluye bolsita de sat\u00e9n para almacenamiento y protecci\u00f3n.<\/li>\n<li>Perfecto para juegos en pareja o uso individual.<\/li>\n<li>Material: Silicona suave, segura y de alta calidad.<\/li>\n<li>Vibrador recargable por USB.<\/li>\n<li>Control remoto funciona con 1 pila AAA.<\/li>\n<\/ul>\n","protected":false},"excerpt":{"rendered":"<p>Precio Sugerido: S\/ 200.00 Vibrador clitorial de lujo dise\u00f1ado para brindar placer discreto, c\u00f3modo y altamente estimulante. Su forma ergon\u00f3mica permite que se adapte perfectamente entre las piernas, mientras que su punta estilizada ofrece una estimulaci\u00f3n suave y precisa sobre las zonas m\u00e1s sensibles. Ideal para llevarlo puesto con la ropa interior y disfrutar de [&hellip;]<\/p>\n","protected":false},"featured_media":5391,"comment_status":"open","ping_status":"closed","template":"","meta":[],"product_brand":[],"product_cat":[199,186],"product_tag":[],"class_list":{"0":"post-4512","1":"product","2":"type-product","3":"status-publish","4":"has-post-thumbnail","6":"product_cat-vibrador-de-clitoris","7":"product_cat-vibradores","9":"first","10":"instock","11":"shipping-taxable","12":"purchasable","13":"product-type-simple"},"_links":{"self":[{"href":"https:\/\/toquemonos.com\/index.php\/wp-json\/wp\/v2\/product\/4512","targetHints":{"allow":["GET"]}}],"collection":[{"href":"https:\/\/toquemonos.com\/index.php\/wp-json\/wp\/v2\/product"}],"about":[{"href":"https:\/\/toquemonos.com\/index.php\/wp-json\/wp\/v2\/types\/product"}],"replies":[{"embeddable":true,"href":"https:\/\/toquemonos.com\/index.php\/wp-json\/wp\/v2\/comments?post=4512"}],"wp:featuredmedia":[{"embeddable":true,"href":"https:\/\/toquemonos.com\/index.php\/wp-json\/wp\/v2\/media\/5391"}],"wp:attachment":[{"href":"https:\/\/toquemonos.com\/index.php\/wp-json\/wp\/v2\/media?parent=4512"}],"wp:term":[{"taxonomy":"product_brand","embeddable":true,"href":"https:\/\/toquemonos.com\/index.php\/wp-json\/wp\/v2\/product_brand?post=4512"},{"taxonomy":"product_cat","embeddable":true,"href":"https:\/\/toquemonos.com\/index.php\/wp-json\/wp\/v2\/product_cat?post=4512"},{"taxonomy":"product_tag","embeddable":true,"href":"https:\/\/toquemonos.com\/index.php\/wp-json\/wp\/v2\/product_tag?post=4512"}],"curies":[{"name":"wp","href":"https:\/\/api.w.org\/{rel}","templated":true}]}}