{"id":4511,"date":"2026-05-06T00:36:30","date_gmt":"2026-05-06T00:36:30","guid":{"rendered":"http:\/\/toquemonos.com\/index.php\/product\/ethan-vibrador-clasico\/"},"modified":"2026-05-06T00:36:30","modified_gmt":"2026-05-06T00:36:30","slug":"ethan-vibrador-clasico","status":"publish","type":"product","link":"https:\/\/toquemonos.com\/index.php\/product\/ethan-vibrador-clasico\/","title":{"rendered":"ETHAN &#8211; Vibrador cl\u00e1sico"},"content":{"rendered":"<p><strong>Precio Sugerido: S\/ 220.00<\/strong><\/p>\n<p>Vibrador recargable con dise\u00f1o ergon\u00f3mico y punta inclinada hacia adelante, ideal para una estimulaci\u00f3n directa y precisa en tu zona m\u00e1s sensible. Su eje flexible y su acabado en silicona sedosa brindan una experiencia c\u00f3moda y placentera, mientras que su tecnolog\u00eda de control por aplicaci\u00f3n m\u00f3vil permite llevar el juego a otro nivel, incluso a larga distancia.<\/p>\n<ul>\n<li>12 funciones de vibraci\u00f3n potentes e intensas.<\/li>\n<li>Control mediante aplicaci\u00f3n m\u00f3vil gratuita (APP).<\/li>\n<li>Funci\u00f3n de control a larga distancia para juegos en pareja.<\/li>\n<li>Punta angular dise\u00f1ada para una estimulaci\u00f3n precisa.<\/li>\n<li>Eje flexible que se adapta al cuerpo.<\/li>\n<li>Textura suave y sedosa para mayor confort.<\/li>\n<li>Ideal para estimulaci\u00f3n del punto G y zonas er\u00f3genas.<\/li>\n<li>Perfecto para uso individual o en pareja.<\/li>\n<li>Material: Silicona segura para el cuerpo.<\/li>\n<li>Recargable por USB.<\/li>\n<\/ul>\n","protected":false},"excerpt":{"rendered":"<p>Precio Sugerido: S\/ 220.00 Vibrador recargable con dise\u00f1o ergon\u00f3mico y punta inclinada hacia adelante, ideal para una estimulaci\u00f3n directa y precisa en tu zona m\u00e1s sensible. Su eje flexible y su acabado en silicona sedosa brindan una experiencia c\u00f3moda y placentera, mientras que su tecnolog\u00eda de control por aplicaci\u00f3n m\u00f3vil permite llevar el juego a [&hellip;]<\/p>\n","protected":false},"featured_media":5390,"comment_status":"open","ping_status":"closed","template":"","meta":[],"product_brand":[],"product_cat":[211,186],"product_tag":[],"class_list":{"0":"post-4511","1":"product","2":"type-product","3":"status-publish","4":"has-post-thumbnail","6":"product_cat-vibrador-clasico","7":"product_cat-vibradores","9":"first","10":"instock","11":"shipping-taxable","12":"purchasable","13":"product-type-simple"},"_links":{"self":[{"href":"https:\/\/toquemonos.com\/index.php\/wp-json\/wp\/v2\/product\/4511","targetHints":{"allow":["GET"]}}],"collection":[{"href":"https:\/\/toquemonos.com\/index.php\/wp-json\/wp\/v2\/product"}],"about":[{"href":"https:\/\/toquemonos.com\/index.php\/wp-json\/wp\/v2\/types\/product"}],"replies":[{"embeddable":true,"href":"https:\/\/toquemonos.com\/index.php\/wp-json\/wp\/v2\/comments?post=4511"}],"wp:featuredmedia":[{"embeddable":true,"href":"https:\/\/toquemonos.com\/index.php\/wp-json\/wp\/v2\/media\/5390"}],"wp:attachment":[{"href":"https:\/\/toquemonos.com\/index.php\/wp-json\/wp\/v2\/media?parent=4511"}],"wp:term":[{"taxonomy":"product_brand","embeddable":true,"href":"https:\/\/toquemonos.com\/index.php\/wp-json\/wp\/v2\/product_brand?post=4511"},{"taxonomy":"product_cat","embeddable":true,"href":"https:\/\/toquemonos.com\/index.php\/wp-json\/wp\/v2\/product_cat?post=4511"},{"taxonomy":"product_tag","embeddable":true,"href":"https:\/\/toquemonos.com\/index.php\/wp-json\/wp\/v2\/product_tag?post=4511"}],"curies":[{"name":"wp","href":"https:\/\/api.w.org\/{rel}","templated":true}]}}