{"id":4502,"date":"2026-05-06T00:36:29","date_gmt":"2026-05-06T00:36:29","guid":{"rendered":"http:\/\/toquemonos.com\/index.php\/product\/abnner-egg-vibrador-huevo\/"},"modified":"2026-05-06T00:36:29","modified_gmt":"2026-05-06T00:36:29","slug":"abnner-egg-vibrador-huevo","status":"publish","type":"product","link":"https:\/\/toquemonos.com\/index.php\/product\/abnner-egg-vibrador-huevo\/","title":{"rendered":"Abnner egg &#8211; Vibrador huevo"},"content":{"rendered":"<p><strong>Precio Sugerido: S\/ 230.00<\/strong><\/p>\n<p>Huevo vibrador remoto discreto y potente, ideal para disfrutar de placer en cualquier lugar. Su dise\u00f1o suave y redondeado con punta afinada permite una estimulaci\u00f3n precisa, perfecta para el juego previo y para experiencias espont\u00e1neas controladas por tu pareja a corta o larga distancia mediante aplicaci\u00f3n m\u00f3vil.<\/p>\n<ul>\n<li>12 funciones de vibraci\u00f3n.<\/li>\n<li>Control mediante aplicaci\u00f3n m\u00f3vil para control a larga distancia.<\/li>\n<li>Permite que tu pareja tome el control para mayor emoci\u00f3n y complicidad.<\/li>\n<li>Dise\u00f1o discreto, ideal para usar bajo la ropa.<\/li>\n<li>Punta afinada para una estimulaci\u00f3n precisa.<\/li>\n<li>Superficie suave y c\u00f3moda al tacto.<\/li>\n<li>Material: Silicona segura para el cuerpo.<\/li>\n<li>Recargable por USB.<\/li>\n<li>Ideal para juegos en pareja, foreplay y experiencias a distancia.<\/li>\n<\/ul>\n","protected":false},"excerpt":{"rendered":"<p>Precio Sugerido: S\/ 230.00 Huevo vibrador remoto discreto y potente, ideal para disfrutar de placer en cualquier lugar. Su dise\u00f1o suave y redondeado con punta afinada permite una estimulaci\u00f3n precisa, perfecta para el juego previo y para experiencias espont\u00e1neas controladas por tu pareja a corta o larga distancia mediante aplicaci\u00f3n m\u00f3vil. 12 funciones de vibraci\u00f3n. [&hellip;]<\/p>\n","protected":false},"featured_media":5397,"comment_status":"open","ping_status":"closed","template":"","meta":[],"product_brand":[],"product_cat":[191,186],"product_tag":[],"class_list":{"0":"post-4502","1":"product","2":"type-product","3":"status-publish","4":"has-post-thumbnail","6":"product_cat-vibrador-huevo","7":"product_cat-vibradores","9":"first","10":"instock","11":"shipping-taxable","12":"purchasable","13":"product-type-simple"},"_links":{"self":[{"href":"https:\/\/toquemonos.com\/index.php\/wp-json\/wp\/v2\/product\/4502","targetHints":{"allow":["GET"]}}],"collection":[{"href":"https:\/\/toquemonos.com\/index.php\/wp-json\/wp\/v2\/product"}],"about":[{"href":"https:\/\/toquemonos.com\/index.php\/wp-json\/wp\/v2\/types\/product"}],"replies":[{"embeddable":true,"href":"https:\/\/toquemonos.com\/index.php\/wp-json\/wp\/v2\/comments?post=4502"}],"wp:featuredmedia":[{"embeddable":true,"href":"https:\/\/toquemonos.com\/index.php\/wp-json\/wp\/v2\/media\/5397"}],"wp:attachment":[{"href":"https:\/\/toquemonos.com\/index.php\/wp-json\/wp\/v2\/media?parent=4502"}],"wp:term":[{"taxonomy":"product_brand","embeddable":true,"href":"https:\/\/toquemonos.com\/index.php\/wp-json\/wp\/v2\/product_brand?post=4502"},{"taxonomy":"product_cat","embeddable":true,"href":"https:\/\/toquemonos.com\/index.php\/wp-json\/wp\/v2\/product_cat?post=4502"},{"taxonomy":"product_tag","embeddable":true,"href":"https:\/\/toquemonos.com\/index.php\/wp-json\/wp\/v2\/product_tag?post=4502"}],"curies":[{"name":"wp","href":"https:\/\/api.w.org\/{rel}","templated":true}]}}