{"id":4499,"date":"2026-05-06T00:36:29","date_gmt":"2026-05-06T00:36:29","guid":{"rendered":"http:\/\/toquemonos.com\/index.php\/product\/snaky-vibe-vibrador-huevo\/"},"modified":"2026-05-06T00:36:29","modified_gmt":"2026-05-06T00:36:29","slug":"snaky-vibe-vibrador-huevo","status":"publish","type":"product","link":"https:\/\/toquemonos.com\/index.php\/product\/snaky-vibe-vibrador-huevo\/","title":{"rendered":"SNAKY VIBE &#8211; Vibrador huevo"},"content":{"rendered":"<p><strong>Precio Sugerido: S\/ 190.00<\/strong><\/p>\n<p>Huevo vibrador recargable de doble estimulaci\u00f3n, dise\u00f1ado para brindar placer intenso y vers\u00e1til. Cuenta con dos potentes vibradores tipo bala en cada extremo unidos por un cord\u00f3n flexible, permitiendo m\u00faltiples formas de uso tanto individual como en pareja.<\/p>\n<ul>\n<li>Doble estimulaci\u00f3n gracias a sus dos vibradores integrados.<\/li>\n<li>7 funciones de vibraci\u00f3n.<\/li>\n<li>Dise\u00f1o flexible y moldeable.<\/li>\n<li>Apto para estimulaci\u00f3n vaginal, clitoriana, anal y prost\u00e1tica.<\/li>\n<li>Cable largo que permite una extracci\u00f3n segura en uso anal.<\/li>\n<li>Ideal para usar en pareja, durante el juego previo o la masturbaci\u00f3n.<\/li>\n<li>Impermeable.<\/li>\n<li>Material: Silicona suave y segura para el cuerpo.<\/li>\n<li>Recargable por USB.<\/li>\n<\/ul>\n","protected":false},"excerpt":{"rendered":"<p>Precio Sugerido: S\/ 190.00 Huevo vibrador recargable de doble estimulaci\u00f3n, dise\u00f1ado para brindar placer intenso y vers\u00e1til. Cuenta con dos potentes vibradores tipo bala en cada extremo unidos por un cord\u00f3n flexible, permitiendo m\u00faltiples formas de uso tanto individual como en pareja. Doble estimulaci\u00f3n gracias a sus dos vibradores integrados. 7 funciones de vibraci\u00f3n. Dise\u00f1o [&hellip;]<\/p>\n","protected":false},"featured_media":5394,"comment_status":"open","ping_status":"closed","template":"","meta":[],"product_brand":[],"product_cat":[191,186],"product_tag":[],"class_list":{"0":"post-4499","1":"product","2":"type-product","3":"status-publish","4":"has-post-thumbnail","6":"product_cat-vibrador-huevo","7":"product_cat-vibradores","9":"first","10":"instock","11":"shipping-taxable","12":"purchasable","13":"product-type-simple"},"_links":{"self":[{"href":"https:\/\/toquemonos.com\/index.php\/wp-json\/wp\/v2\/product\/4499","targetHints":{"allow":["GET"]}}],"collection":[{"href":"https:\/\/toquemonos.com\/index.php\/wp-json\/wp\/v2\/product"}],"about":[{"href":"https:\/\/toquemonos.com\/index.php\/wp-json\/wp\/v2\/types\/product"}],"replies":[{"embeddable":true,"href":"https:\/\/toquemonos.com\/index.php\/wp-json\/wp\/v2\/comments?post=4499"}],"wp:featuredmedia":[{"embeddable":true,"href":"https:\/\/toquemonos.com\/index.php\/wp-json\/wp\/v2\/media\/5394"}],"wp:attachment":[{"href":"https:\/\/toquemonos.com\/index.php\/wp-json\/wp\/v2\/media?parent=4499"}],"wp:term":[{"taxonomy":"product_brand","embeddable":true,"href":"https:\/\/toquemonos.com\/index.php\/wp-json\/wp\/v2\/product_brand?post=4499"},{"taxonomy":"product_cat","embeddable":true,"href":"https:\/\/toquemonos.com\/index.php\/wp-json\/wp\/v2\/product_cat?post=4499"},{"taxonomy":"product_tag","embeddable":true,"href":"https:\/\/toquemonos.com\/index.php\/wp-json\/wp\/v2\/product_tag?post=4499"}],"curies":[{"name":"wp","href":"https:\/\/api.w.org\/{rel}","templated":true}]}}