{"id":4497,"date":"2026-05-06T00:36:28","date_gmt":"2026-05-06T00:36:28","guid":{"rendered":"http:\/\/toquemonos.com\/index.php\/product\/arnd-vibrador-rabbit\/"},"modified":"2026-05-06T00:36:28","modified_gmt":"2026-05-06T00:36:28","slug":"arnd-vibrador-rabbit","status":"publish","type":"product","link":"https:\/\/toquemonos.com\/index.php\/product\/arnd-vibrador-rabbit\/","title":{"rendered":"ARND &#8211; Vibrador rabbit"},"content":{"rendered":"<p><strong>Precio Sugerido: S\/ 100.00<\/strong><\/p>\n<p>Vibrador tipo rabbit dise\u00f1ado para brindar una experiencia intensa y diferente, combinando estimulaci\u00f3n del punto G y del cl\u00edtoris al mismo tiempo, con vibraci\u00f3n potente y movimiento de empuje que imita una sensaci\u00f3n m\u00e1s realista.<\/p>\n<ul>\n<li>Estimulaci\u00f3n simult\u00e1nea del punto G y del cl\u00edtoris.<\/li>\n<li>Funci\u00f3n de vibraci\u00f3n potente para mayor intensidad.<\/li>\n<li>Movimiento de empuje que imita la sensaci\u00f3n de penetraci\u00f3n.<\/li>\n<li>10 funciones de vibraci\u00f3n.<\/li>\n<li>Dise\u00f1o tipo rabbit ergon\u00f3mico.<\/li>\n<li>Material: Silicona suave y segura para el cuerpo.<\/li>\n<li>Textura lisa para mayor comodidad.<\/li>\n<li>Fuente de energ\u00eda: 1 pila AAA.<\/li>\n<li>Recomendable usar lubricante para una mejor experiencia.<\/li>\n<\/ul>\n","protected":false},"excerpt":{"rendered":"<p>Precio Sugerido: S\/ 100.00 Vibrador tipo rabbit dise\u00f1ado para brindar una experiencia intensa y diferente, combinando estimulaci\u00f3n del punto G y del cl\u00edtoris al mismo tiempo, con vibraci\u00f3n potente y movimiento de empuje que imita una sensaci\u00f3n m\u00e1s realista. Estimulaci\u00f3n simult\u00e1nea del punto G y del cl\u00edtoris. Funci\u00f3n de vibraci\u00f3n potente para mayor intensidad. Movimiento [&hellip;]<\/p>\n","protected":false},"featured_media":5404,"comment_status":"open","ping_status":"closed","template":"","meta":[],"product_brand":[],"product_cat":[210,186],"product_tag":[],"class_list":{"0":"post-4497","1":"product","2":"type-product","3":"status-publish","4":"has-post-thumbnail","6":"product_cat-vibrador-rabbit","7":"product_cat-vibradores","9":"first","10":"instock","11":"shipping-taxable","12":"purchasable","13":"product-type-simple"},"_links":{"self":[{"href":"https:\/\/toquemonos.com\/index.php\/wp-json\/wp\/v2\/product\/4497","targetHints":{"allow":["GET"]}}],"collection":[{"href":"https:\/\/toquemonos.com\/index.php\/wp-json\/wp\/v2\/product"}],"about":[{"href":"https:\/\/toquemonos.com\/index.php\/wp-json\/wp\/v2\/types\/product"}],"replies":[{"embeddable":true,"href":"https:\/\/toquemonos.com\/index.php\/wp-json\/wp\/v2\/comments?post=4497"}],"wp:featuredmedia":[{"embeddable":true,"href":"https:\/\/toquemonos.com\/index.php\/wp-json\/wp\/v2\/media\/5404"}],"wp:attachment":[{"href":"https:\/\/toquemonos.com\/index.php\/wp-json\/wp\/v2\/media?parent=4497"}],"wp:term":[{"taxonomy":"product_brand","embeddable":true,"href":"https:\/\/toquemonos.com\/index.php\/wp-json\/wp\/v2\/product_brand?post=4497"},{"taxonomy":"product_cat","embeddable":true,"href":"https:\/\/toquemonos.com\/index.php\/wp-json\/wp\/v2\/product_cat?post=4497"},{"taxonomy":"product_tag","embeddable":true,"href":"https:\/\/toquemonos.com\/index.php\/wp-json\/wp\/v2\/product_tag?post=4497"}],"curies":[{"name":"wp","href":"https:\/\/api.w.org\/{rel}","templated":true}]}}