{"id":4493,"date":"2026-05-06T00:36:28","date_gmt":"2026-05-06T00:36:28","guid":{"rendered":"http:\/\/toquemonos.com\/index.php\/product\/alice-bolas-chinas\/"},"modified":"2026-05-06T00:36:28","modified_gmt":"2026-05-06T00:36:28","slug":"alice-bolas-chinas","status":"publish","type":"product","link":"https:\/\/toquemonos.com\/index.php\/product\/alice-bolas-chinas\/","title":{"rendered":"ALICE &#8211; Bolas chinas"},"content":{"rendered":"<p><strong>Precio Sugerido: S\/ 95.00<\/strong><\/p>\n<p>Bolas Kegel de silicona dise\u00f1adas para fortalecer los m\u00fasculos vaginales y aumentar la sensibilidad de forma progresiva. Su dise\u00f1o elegante incluye una jaula de silicona con terminaci\u00f3n en forma de coraz\u00f3n que facilita la colocaci\u00f3n y extracci\u00f3n de manera segura.<\/p>\n<ul>\n<li>Incluye un set de una bola simple y una bola doble para entrenamiento progresivo.<\/li>\n<li>Cada bola contiene un peso interno que se mueve con el cuerpo.<\/li>\n<li>Estimula suaves contracciones que ayudan a fortalecer la musculatura vaginal.<\/li>\n<li>Contribuye a mejorar la tonicidad y la sensibilidad.<\/li>\n<li>Dise\u00f1o ovalado, suave y c\u00f3modo para una f\u00e1cil inserci\u00f3n.<\/li>\n<li>Jaula de silicona que mantiene las bolas en su lugar y facilita su extracci\u00f3n.<\/li>\n<li>Material: Silicona segura para el cuerpo.<\/li>\n<li>Impermeable.<\/li>\n<\/ul>\n","protected":false},"excerpt":{"rendered":"<p>Precio Sugerido: S\/ 95.00 Bolas Kegel de silicona dise\u00f1adas para fortalecer los m\u00fasculos vaginales y aumentar la sensibilidad de forma progresiva. Su dise\u00f1o elegante incluye una jaula de silicona con terminaci\u00f3n en forma de coraz\u00f3n que facilita la colocaci\u00f3n y extracci\u00f3n de manera segura. Incluye un set de una bola simple y una bola doble [&hellip;]<\/p>\n","protected":false},"featured_media":5400,"comment_status":"open","ping_status":"closed","template":"","meta":[],"product_brand":[],"product_cat":[213,227],"product_tag":[],"class_list":{"0":"post-4493","1":"product","2":"type-product","3":"status-publish","4":"has-post-thumbnail","6":"product_cat-bolas-chinas","7":"product_cat-suelo-pelvico","9":"first","10":"instock","11":"shipping-taxable","12":"purchasable","13":"product-type-simple"},"_links":{"self":[{"href":"https:\/\/toquemonos.com\/index.php\/wp-json\/wp\/v2\/product\/4493","targetHints":{"allow":["GET"]}}],"collection":[{"href":"https:\/\/toquemonos.com\/index.php\/wp-json\/wp\/v2\/product"}],"about":[{"href":"https:\/\/toquemonos.com\/index.php\/wp-json\/wp\/v2\/types\/product"}],"replies":[{"embeddable":true,"href":"https:\/\/toquemonos.com\/index.php\/wp-json\/wp\/v2\/comments?post=4493"}],"wp:featuredmedia":[{"embeddable":true,"href":"https:\/\/toquemonos.com\/index.php\/wp-json\/wp\/v2\/media\/5400"}],"wp:attachment":[{"href":"https:\/\/toquemonos.com\/index.php\/wp-json\/wp\/v2\/media?parent=4493"}],"wp:term":[{"taxonomy":"product_brand","embeddable":true,"href":"https:\/\/toquemonos.com\/index.php\/wp-json\/wp\/v2\/product_brand?post=4493"},{"taxonomy":"product_cat","embeddable":true,"href":"https:\/\/toquemonos.com\/index.php\/wp-json\/wp\/v2\/product_cat?post=4493"},{"taxonomy":"product_tag","embeddable":true,"href":"https:\/\/toquemonos.com\/index.php\/wp-json\/wp\/v2\/product_tag?post=4493"}],"curies":[{"name":"wp","href":"https:\/\/api.w.org\/{rel}","templated":true}]}}