{"id":4492,"date":"2026-05-06T00:36:28","date_gmt":"2026-05-06T00:36:28","guid":{"rendered":"http:\/\/toquemonos.com\/index.php\/product\/orgasmic-ball-bolas-chinas\/"},"modified":"2026-05-06T00:36:28","modified_gmt":"2026-05-06T00:36:28","slug":"orgasmic-ball-bolas-chinas","status":"publish","type":"product","link":"https:\/\/toquemonos.com\/index.php\/product\/orgasmic-ball-bolas-chinas\/","title":{"rendered":"ORGASMIC BALL &#8211; Bolas chinas"},"content":{"rendered":"<p><strong>Precio Sugerido: S\/ 95.00<\/strong><\/p>\n<p>Juego de bolas Kegel dobles de silicona dise\u00f1adas para fortalecer los m\u00fasculos vaginales y aumentar la sensibilidad. Ideales para ejercitar la zona \u00edntima mientras se disfruta de una estimulaci\u00f3n suave y placentera.<\/p>\n<ul>\n<li>Dise\u00f1o de doble bola para mayor efectividad.<\/li>\n<li>Cada bola contiene un peso interno que genera suaves movimientos con cada desplazamiento.<\/li>\n<li>Ayuda a fortalecer y tonificar los m\u00fasculos vaginales.<\/li>\n<li>Contribuye a aumentar la sensibilidad y el placer.<\/li>\n<li>Di\u00e1metro de cada bola: 36 mm.<\/li>\n<li>Material: Silicona segura para el cuerpo.<\/li>\n<li>Impermeable.<\/li>\n<li>Medidas del empaque: 201 x 104 x 53 mm.<\/li>\n<\/ul>\n","protected":false},"excerpt":{"rendered":"<p>Precio Sugerido: S\/ 95.00 Juego de bolas Kegel dobles de silicona dise\u00f1adas para fortalecer los m\u00fasculos vaginales y aumentar la sensibilidad. Ideales para ejercitar la zona \u00edntima mientras se disfruta de una estimulaci\u00f3n suave y placentera. Dise\u00f1o de doble bola para mayor efectividad. Cada bola contiene un peso interno que genera suaves movimientos con cada [&hellip;]<\/p>\n","protected":false},"featured_media":5399,"comment_status":"open","ping_status":"closed","template":"","meta":[],"product_brand":[],"product_cat":[213,227],"product_tag":[],"class_list":{"0":"post-4492","1":"product","2":"type-product","3":"status-publish","4":"has-post-thumbnail","6":"product_cat-bolas-chinas","7":"product_cat-suelo-pelvico","9":"first","10":"instock","11":"shipping-taxable","12":"purchasable","13":"product-type-simple"},"_links":{"self":[{"href":"https:\/\/toquemonos.com\/index.php\/wp-json\/wp\/v2\/product\/4492","targetHints":{"allow":["GET"]}}],"collection":[{"href":"https:\/\/toquemonos.com\/index.php\/wp-json\/wp\/v2\/product"}],"about":[{"href":"https:\/\/toquemonos.com\/index.php\/wp-json\/wp\/v2\/types\/product"}],"replies":[{"embeddable":true,"href":"https:\/\/toquemonos.com\/index.php\/wp-json\/wp\/v2\/comments?post=4492"}],"wp:featuredmedia":[{"embeddable":true,"href":"https:\/\/toquemonos.com\/index.php\/wp-json\/wp\/v2\/media\/5399"}],"wp:attachment":[{"href":"https:\/\/toquemonos.com\/index.php\/wp-json\/wp\/v2\/media?parent=4492"}],"wp:term":[{"taxonomy":"product_brand","embeddable":true,"href":"https:\/\/toquemonos.com\/index.php\/wp-json\/wp\/v2\/product_brand?post=4492"},{"taxonomy":"product_cat","embeddable":true,"href":"https:\/\/toquemonos.com\/index.php\/wp-json\/wp\/v2\/product_cat?post=4492"},{"taxonomy":"product_tag","embeddable":true,"href":"https:\/\/toquemonos.com\/index.php\/wp-json\/wp\/v2\/product_tag?post=4492"}],"curies":[{"name":"wp","href":"https:\/\/api.w.org\/{rel}","templated":true}]}}