{"id":4490,"date":"2026-05-06T00:36:27","date_gmt":"2026-05-06T00:36:27","guid":{"rendered":"http:\/\/toquemonos.com\/index.php\/product\/felix-voice-base-vibrador-rabbit\/"},"modified":"2026-05-06T00:36:27","modified_gmt":"2026-05-06T00:36:27","slug":"felix-voice-base-vibrador-rabbit","status":"publish","type":"product","link":"https:\/\/toquemonos.com\/index.php\/product\/felix-voice-base-vibrador-rabbit\/","title":{"rendered":"FELIX VOICE Base &#8211; Vibrador rabbit"},"content":{"rendered":"<p><strong>Precio Sugerido: S\/ 220.00<\/strong><\/p>\n<p>Vibrador de silicona con dise\u00f1o moderno y elegante, ideal para una estimulaci\u00f3n precisa del punto G. Cuenta con m\u00faltiples modos de vibraci\u00f3n y un innovador sistema de control por voz que hace la experiencia m\u00e1s divertida e interactiva.<\/p>\n<ul>\n<li>30 funciones de vibraci\u00f3n con diferentes velocidades y patrones.<\/li>\n<li>Sistema de control por voz para una experiencia m\u00e1s din\u00e1mica.<\/li>\n<li>Eje curvado especialmente dise\u00f1ado para la estimulaci\u00f3n del punto G.<\/li>\n<li>Botones independientes de encendido y cambio de funciones.<\/li>\n<li>Material: Silicona suave, segura y de alta calidad.<\/li>\n<li>Dise\u00f1o ergon\u00f3mico y elegante.<\/li>\n<li>Fuente de energ\u00eda: 2 pilas AAA (no incluidas).<\/li>\n<\/ul>\n","protected":false},"excerpt":{"rendered":"<p>Precio Sugerido: S\/ 220.00 Vibrador de silicona con dise\u00f1o moderno y elegante, ideal para una estimulaci\u00f3n precisa del punto G. Cuenta con m\u00faltiples modos de vibraci\u00f3n y un innovador sistema de control por voz que hace la experiencia m\u00e1s divertida e interactiva. 30 funciones de vibraci\u00f3n con diferentes velocidades y patrones. Sistema de control por [&hellip;]<\/p>\n","protected":false},"featured_media":5412,"comment_status":"open","ping_status":"closed","template":"","meta":[],"product_brand":[],"product_cat":[210,186],"product_tag":[],"class_list":{"0":"post-4490","1":"product","2":"type-product","3":"status-publish","4":"has-post-thumbnail","6":"product_cat-vibrador-rabbit","7":"product_cat-vibradores","9":"first","10":"instock","11":"shipping-taxable","12":"purchasable","13":"product-type-simple"},"_links":{"self":[{"href":"https:\/\/toquemonos.com\/index.php\/wp-json\/wp\/v2\/product\/4490","targetHints":{"allow":["GET"]}}],"collection":[{"href":"https:\/\/toquemonos.com\/index.php\/wp-json\/wp\/v2\/product"}],"about":[{"href":"https:\/\/toquemonos.com\/index.php\/wp-json\/wp\/v2\/types\/product"}],"replies":[{"embeddable":true,"href":"https:\/\/toquemonos.com\/index.php\/wp-json\/wp\/v2\/comments?post=4490"}],"wp:featuredmedia":[{"embeddable":true,"href":"https:\/\/toquemonos.com\/index.php\/wp-json\/wp\/v2\/media\/5412"}],"wp:attachment":[{"href":"https:\/\/toquemonos.com\/index.php\/wp-json\/wp\/v2\/media?parent=4490"}],"wp:term":[{"taxonomy":"product_brand","embeddable":true,"href":"https:\/\/toquemonos.com\/index.php\/wp-json\/wp\/v2\/product_brand?post=4490"},{"taxonomy":"product_cat","embeddable":true,"href":"https:\/\/toquemonos.com\/index.php\/wp-json\/wp\/v2\/product_cat?post=4490"},{"taxonomy":"product_tag","embeddable":true,"href":"https:\/\/toquemonos.com\/index.php\/wp-json\/wp\/v2\/product_tag?post=4490"}],"curies":[{"name":"wp","href":"https:\/\/api.w.org\/{rel}","templated":true}]}}