{"id":4488,"date":"2026-05-06T00:36:27","date_gmt":"2026-05-06T00:36:27","guid":{"rendered":"http:\/\/toquemonos.com\/index.php\/product\/harlan-vibrador-rabbit\/"},"modified":"2026-05-06T00:36:27","modified_gmt":"2026-05-06T00:36:27","slug":"harlan-vibrador-rabbit","status":"publish","type":"product","link":"https:\/\/toquemonos.com\/index.php\/product\/harlan-vibrador-rabbit\/","title":{"rendered":"HARLAN &#8211; Vibrador rabbit"},"content":{"rendered":"<p><strong>Precio Sugerido: S\/ 220.00<\/strong><\/p>\n<p>Vibrador de silicona con eje curvado dise\u00f1ado para una estimulaci\u00f3n precisa del punto G, mientras que su forma s\u00f3lida permite sensaciones m\u00e1s intensas durante el movimiento. Adem\u00e1s, cuenta con un estimulador externo para brindar placer directo al cl\u00edtoris.<\/p>\n<ul>\n<li>Eje curvado ideal para la estimulaci\u00f3n del punto G.<\/li>\n<li>Dise\u00f1o s\u00f3lido que intensifica las sensaciones al moverlo.<\/li>\n<li>Vibrador externo para estimulaci\u00f3n focalizada del cl\u00edtoris.<\/li>\n<li>12 funciones de vibraci\u00f3n.<\/li>\n<li>Material: Silicona suave y segura para el cuerpo.<\/li>\n<li>Dise\u00f1o ergon\u00f3mico para mayor comodidad.<\/li>\n<li>Recargable por USB.<\/li>\n<\/ul>\n","protected":false},"excerpt":{"rendered":"<p>Precio Sugerido: S\/ 220.00 Vibrador de silicona con eje curvado dise\u00f1ado para una estimulaci\u00f3n precisa del punto G, mientras que su forma s\u00f3lida permite sensaciones m\u00e1s intensas durante el movimiento. Adem\u00e1s, cuenta con un estimulador externo para brindar placer directo al cl\u00edtoris. Eje curvado ideal para la estimulaci\u00f3n del punto G. Dise\u00f1o s\u00f3lido que intensifica [&hellip;]<\/p>\n","protected":false},"featured_media":5410,"comment_status":"open","ping_status":"closed","template":"","meta":[],"product_brand":[],"product_cat":[210,186],"product_tag":[],"class_list":{"0":"post-4488","1":"product","2":"type-product","3":"status-publish","4":"has-post-thumbnail","6":"product_cat-vibrador-rabbit","7":"product_cat-vibradores","9":"first","10":"instock","11":"shipping-taxable","12":"purchasable","13":"product-type-simple"},"_links":{"self":[{"href":"https:\/\/toquemonos.com\/index.php\/wp-json\/wp\/v2\/product\/4488","targetHints":{"allow":["GET"]}}],"collection":[{"href":"https:\/\/toquemonos.com\/index.php\/wp-json\/wp\/v2\/product"}],"about":[{"href":"https:\/\/toquemonos.com\/index.php\/wp-json\/wp\/v2\/types\/product"}],"replies":[{"embeddable":true,"href":"https:\/\/toquemonos.com\/index.php\/wp-json\/wp\/v2\/comments?post=4488"}],"wp:featuredmedia":[{"embeddable":true,"href":"https:\/\/toquemonos.com\/index.php\/wp-json\/wp\/v2\/media\/5410"}],"wp:attachment":[{"href":"https:\/\/toquemonos.com\/index.php\/wp-json\/wp\/v2\/media?parent=4488"}],"wp:term":[{"taxonomy":"product_brand","embeddable":true,"href":"https:\/\/toquemonos.com\/index.php\/wp-json\/wp\/v2\/product_brand?post=4488"},{"taxonomy":"product_cat","embeddable":true,"href":"https:\/\/toquemonos.com\/index.php\/wp-json\/wp\/v2\/product_cat?post=4488"},{"taxonomy":"product_tag","embeddable":true,"href":"https:\/\/toquemonos.com\/index.php\/wp-json\/wp\/v2\/product_tag?post=4488"}],"curies":[{"name":"wp","href":"https:\/\/api.w.org\/{rel}","templated":true}]}}