{"id":4486,"date":"2026-05-06T00:36:27","date_gmt":"2026-05-06T00:36:27","guid":{"rendered":"http:\/\/toquemonos.com\/index.php\/product\/angelo-vibrador-lesbico\/"},"modified":"2026-05-06T00:36:27","modified_gmt":"2026-05-06T00:36:27","slug":"angelo-vibrador-lesbico","status":"publish","type":"product","link":"https:\/\/toquemonos.com\/index.php\/product\/angelo-vibrador-lesbico\/","title":{"rendered":"ANGELO &#8211; Vibrador l\u00e9sbico"},"content":{"rendered":"<p><strong>Precio Sugerido: S\/ 220.00<\/strong><\/p>\n<p>Vibrador flexible dise\u00f1ado para alcanzar el punto G con precisi\u00f3n y adaptarse al \u00e1ngulo perfecto seg\u00fan cada cuerpo. Permite descubrir nuevas sensaciones y tambi\u00e9n puede transformarse en un estimulador dual para disfrutar de placer simult\u00e1neo en el punto G y el cl\u00edtoris.<\/p>\n<ul>\n<li>Dise\u00f1o flexible que se ajusta al \u00e1ngulo ideal para cada usuario.<\/li>\n<li>Estimulaci\u00f3n precisa del punto G.<\/li>\n<li>Puede usarse como estimulador dual: punto G y cl\u00edtoris.<\/li>\n<li>30 funciones de vibraci\u00f3n para personalizar la experiencia.<\/li>\n<li>30 niveles de intensidad para un control total del placer.<\/li>\n<li>Material: Silicona suave y segura para el cuerpo.<\/li>\n<li>Recargable por USB.<\/li>\n<li>Dise\u00f1o ergon\u00f3mico para mayor comodidad durante el uso.<\/li>\n<\/ul>\n","protected":false},"excerpt":{"rendered":"<p>Precio Sugerido: S\/ 220.00 Vibrador flexible dise\u00f1ado para alcanzar el punto G con precisi\u00f3n y adaptarse al \u00e1ngulo perfecto seg\u00fan cada cuerpo. Permite descubrir nuevas sensaciones y tambi\u00e9n puede transformarse en un estimulador dual para disfrutar de placer simult\u00e1neo en el punto G y el cl\u00edtoris. Dise\u00f1o flexible que se ajusta al \u00e1ngulo ideal para [&hellip;]<\/p>\n","protected":false},"featured_media":5408,"comment_status":"open","ping_status":"closed","template":"","meta":[],"product_brand":[],"product_cat":[208,186],"product_tag":[],"class_list":{"0":"post-4486","1":"product","2":"type-product","3":"status-publish","4":"has-post-thumbnail","6":"product_cat-vibrador-lesbico","7":"product_cat-vibradores","9":"first","10":"instock","11":"shipping-taxable","12":"purchasable","13":"product-type-simple"},"_links":{"self":[{"href":"https:\/\/toquemonos.com\/index.php\/wp-json\/wp\/v2\/product\/4486","targetHints":{"allow":["GET"]}}],"collection":[{"href":"https:\/\/toquemonos.com\/index.php\/wp-json\/wp\/v2\/product"}],"about":[{"href":"https:\/\/toquemonos.com\/index.php\/wp-json\/wp\/v2\/types\/product"}],"replies":[{"embeddable":true,"href":"https:\/\/toquemonos.com\/index.php\/wp-json\/wp\/v2\/comments?post=4486"}],"wp:featuredmedia":[{"embeddable":true,"href":"https:\/\/toquemonos.com\/index.php\/wp-json\/wp\/v2\/media\/5408"}],"wp:attachment":[{"href":"https:\/\/toquemonos.com\/index.php\/wp-json\/wp\/v2\/media?parent=4486"}],"wp:term":[{"taxonomy":"product_brand","embeddable":true,"href":"https:\/\/toquemonos.com\/index.php\/wp-json\/wp\/v2\/product_brand?post=4486"},{"taxonomy":"product_cat","embeddable":true,"href":"https:\/\/toquemonos.com\/index.php\/wp-json\/wp\/v2\/product_cat?post=4486"},{"taxonomy":"product_tag","embeddable":true,"href":"https:\/\/toquemonos.com\/index.php\/wp-json\/wp\/v2\/product_tag?post=4486"}],"curies":[{"name":"wp","href":"https:\/\/api.w.org\/{rel}","templated":true}]}}