{"id":4484,"date":"2026-05-06T00:36:27","date_gmt":"2026-05-06T00:36:27","guid":{"rendered":"http:\/\/toquemonos.com\/index.php\/product\/felix-vibrator-vibrador-rabbit\/"},"modified":"2026-05-06T00:36:27","modified_gmt":"2026-05-06T00:36:27","slug":"felix-vibrator-vibrador-rabbit","status":"publish","type":"product","link":"https:\/\/toquemonos.com\/index.php\/product\/felix-vibrator-vibrador-rabbit\/","title":{"rendered":"Felix Vibrator &#8211; Vibrador rabbit"},"content":{"rendered":"<p><strong>Precio Sugerido: S\/ 180.00<\/strong><\/p>\n<p>Vibrador tipo conejo de silicona suave y sedosa, dise\u00f1ado para brindar una estimulaci\u00f3n intensa y completa. Combina la vibraci\u00f3n clitoriana con el masaje del punto G gracias a su eje curvado y su sistema rotativo interno.<\/p>\n<ul>\n<li>30 funciones de vibraci\u00f3n para una experiencia totalmente personalizable.<\/li>\n<li>Orejas tipo conejo potentes para la estimulaci\u00f3n del cl\u00edtoris.<\/li>\n<li>Eje curvado dise\u00f1ado para masajear el punto G.<\/li>\n<li>Funci\u00f3n rotativa interna que intensifica las sensaciones.<\/li>\n<li>Material: Silicona de alta calidad, suave al tacto.<\/li>\n<li>Dise\u00f1o ergon\u00f3mico para mayor comodidad.<\/li>\n<li>Fuente de energ\u00eda: 2 pilas AAA.<\/li>\n<\/ul>\n","protected":false},"excerpt":{"rendered":"<p>Precio Sugerido: S\/ 180.00 Vibrador tipo conejo de silicona suave y sedosa, dise\u00f1ado para brindar una estimulaci\u00f3n intensa y completa. Combina la vibraci\u00f3n clitoriana con el masaje del punto G gracias a su eje curvado y su sistema rotativo interno. 30 funciones de vibraci\u00f3n para una experiencia totalmente personalizable. Orejas tipo conejo potentes para la [&hellip;]<\/p>\n","protected":false},"featured_media":5406,"comment_status":"open","ping_status":"closed","template":"","meta":[],"product_brand":[],"product_cat":[210,186],"product_tag":[],"class_list":{"0":"post-4484","1":"product","2":"type-product","3":"status-publish","4":"has-post-thumbnail","6":"product_cat-vibrador-rabbit","7":"product_cat-vibradores","9":"first","10":"instock","11":"shipping-taxable","12":"purchasable","13":"product-type-simple"},"_links":{"self":[{"href":"https:\/\/toquemonos.com\/index.php\/wp-json\/wp\/v2\/product\/4484","targetHints":{"allow":["GET"]}}],"collection":[{"href":"https:\/\/toquemonos.com\/index.php\/wp-json\/wp\/v2\/product"}],"about":[{"href":"https:\/\/toquemonos.com\/index.php\/wp-json\/wp\/v2\/types\/product"}],"replies":[{"embeddable":true,"href":"https:\/\/toquemonos.com\/index.php\/wp-json\/wp\/v2\/comments?post=4484"}],"wp:featuredmedia":[{"embeddable":true,"href":"https:\/\/toquemonos.com\/index.php\/wp-json\/wp\/v2\/media\/5406"}],"wp:attachment":[{"href":"https:\/\/toquemonos.com\/index.php\/wp-json\/wp\/v2\/media?parent=4484"}],"wp:term":[{"taxonomy":"product_brand","embeddable":true,"href":"https:\/\/toquemonos.com\/index.php\/wp-json\/wp\/v2\/product_brand?post=4484"},{"taxonomy":"product_cat","embeddable":true,"href":"https:\/\/toquemonos.com\/index.php\/wp-json\/wp\/v2\/product_cat?post=4484"},{"taxonomy":"product_tag","embeddable":true,"href":"https:\/\/toquemonos.com\/index.php\/wp-json\/wp\/v2\/product_tag?post=4484"}],"curies":[{"name":"wp","href":"https:\/\/api.w.org\/{rel}","templated":true}]}}