{"id":4479,"date":"2026-05-06T00:36:26","date_gmt":"2026-05-06T00:36:26","guid":{"rendered":"http:\/\/toquemonos.com\/index.php\/product\/mystic-fucsia-vibrador-rabbit\/"},"modified":"2026-05-06T00:36:26","modified_gmt":"2026-05-06T00:36:26","slug":"mystic-fucsia-vibrador-rabbit","status":"publish","type":"product","link":"https:\/\/toquemonos.com\/index.php\/product\/mystic-fucsia-vibrador-rabbit\/","title":{"rendered":"MYSTIC FUCSIA &#8211; Vibrador rabbit"},"content":{"rendered":"<p><strong>Precio Sugerido: S\/ 260.00<\/strong><\/p>\n<p>Vibrador rotativo dise\u00f1ado para brindar una estimulaci\u00f3n precisa del punto G y una intensa vibraci\u00f3n clitoriana. Su punta curva ofrece un masaje firme y profundo, mientras que el dise\u00f1o en forma de beso se adapta al cl\u00edtoris para una experiencia completa y envolvente.<\/p>\n<ul>\n<li>Punta del eje suavemente curvada para una estimulaci\u00f3n precisa del punto G.<\/li>\n<li>Extremo con dise\u00f1o en forma de beso que se ajusta al cl\u00edtoris.<\/li>\n<li>30 funciones de vibraci\u00f3n.<\/li>\n<li>7 funciones de rotaci\u00f3n r\u00edtmica.<\/li>\n<li>Permite combinar rotaci\u00f3n y vibraci\u00f3n para nuevas sensaciones.<\/li>\n<li>Controles f\u00e1ciles de usar para regular la intensidad.<\/li>\n<li>Material: Silicona.<\/li>\n<li>Recargable por USB.<\/li>\n<\/ul>\n","protected":false},"excerpt":{"rendered":"<p>Precio Sugerido: S\/ 260.00 Vibrador rotativo dise\u00f1ado para brindar una estimulaci\u00f3n precisa del punto G y una intensa vibraci\u00f3n clitoriana. Su punta curva ofrece un masaje firme y profundo, mientras que el dise\u00f1o en forma de beso se adapta al cl\u00edtoris para una experiencia completa y envolvente. Punta del eje suavemente curvada para una estimulaci\u00f3n [&hellip;]<\/p>\n","protected":false},"featured_media":5417,"comment_status":"open","ping_status":"closed","template":"","meta":[],"product_brand":[],"product_cat":[210,186],"product_tag":[],"class_list":{"0":"post-4479","1":"product","2":"type-product","3":"status-publish","4":"has-post-thumbnail","6":"product_cat-vibrador-rabbit","7":"product_cat-vibradores","9":"first","10":"instock","11":"shipping-taxable","12":"purchasable","13":"product-type-simple"},"_links":{"self":[{"href":"https:\/\/toquemonos.com\/index.php\/wp-json\/wp\/v2\/product\/4479","targetHints":{"allow":["GET"]}}],"collection":[{"href":"https:\/\/toquemonos.com\/index.php\/wp-json\/wp\/v2\/product"}],"about":[{"href":"https:\/\/toquemonos.com\/index.php\/wp-json\/wp\/v2\/types\/product"}],"replies":[{"embeddable":true,"href":"https:\/\/toquemonos.com\/index.php\/wp-json\/wp\/v2\/comments?post=4479"}],"wp:featuredmedia":[{"embeddable":true,"href":"https:\/\/toquemonos.com\/index.php\/wp-json\/wp\/v2\/media\/5417"}],"wp:attachment":[{"href":"https:\/\/toquemonos.com\/index.php\/wp-json\/wp\/v2\/media?parent=4479"}],"wp:term":[{"taxonomy":"product_brand","embeddable":true,"href":"https:\/\/toquemonos.com\/index.php\/wp-json\/wp\/v2\/product_brand?post=4479"},{"taxonomy":"product_cat","embeddable":true,"href":"https:\/\/toquemonos.com\/index.php\/wp-json\/wp\/v2\/product_cat?post=4479"},{"taxonomy":"product_tag","embeddable":true,"href":"https:\/\/toquemonos.com\/index.php\/wp-json\/wp\/v2\/product_tag?post=4479"}],"curies":[{"name":"wp","href":"https:\/\/api.w.org\/{rel}","templated":true}]}}